{"id":6845,"date":"2021-02-11T12:06:30","date_gmt":"2021-02-23T14:09:01","guid":{"rendered":"http:\/\/anticopastificio.it\/nuovosito\/prodotto\/pesto-siciliano\/"},"modified":"2021-02-26T16:33:10","modified_gmt":"2021-02-26T16:33:10","slug":"pesto-siciliano","status":"publish","type":"product","link":"https:\/\/anticopastificio.it\/fr\/prodotto\/pesto-siciliano\/","title":{"rendered":"Pesto siciliano"},"content":{"rendered":"","protected":false},"excerpt":{"rendered":"<p class=\"p1\">INGR\u00c9DIENTS: Huile de tournesol 33%, pulpe de tomate 31%, tomates s\u00e9ch\u00e9es 15%, flocons de pomme de terre, basilic, fromages (lait de vache, sel, pr\u00e9sure, prot\u00e9ine d&#8217;oeuf lysozyme), concentr\u00e9 de tomate, oignon, noix de cajou, sel, extrait de levure, sucre, ail, huile d&#8217;olive extra vierge. R\u00e9gulateur d&#8217;acidit\u00e9: acide lactique &#8211; Antioxydant: acide L-ascorbique.<\/p>\n<p><a class=\"bottoneprodotto\" href=\"http:\/\/anticopastificio.it\/wp-content\/uploads\/schede-prodotti\/I%20PESTI%20DEL%20GARGANO\/PESTO%20SICILIANO.pdf\" target=\"_blank\" rel=\"noopener\">D\u00c9TAILS DU PRODUIT<\/a><\/p>\n","protected":false},"featured_media":5917,"comment_status":"closed","ping_status":"open","template":"","meta":{"_acf_changed":false},"product_brand":[],"product_cat":[139],"product_tag":[],"class_list":{"0":"post-6845","1":"product","2":"type-product","3":"status-publish","4":"has-post-thumbnail","6":"product_cat-sughi-pesti-condipasta-fr","7":"nt-post-class","8":"","9":"masonry-item","10":"col-lg-6","18":"first","19":"instock","20":"shipping-taxable","21":"product-type-simple"},"acf":[],"yoast_head":"<!-- This site is optimized with the Yoast SEO plugin v24.1 - https:\/\/yoast.com\/wordpress\/plugins\/seo\/ -->\n<title>Pesto siciliano - Antico Pastificio del Gargano<\/title>\n<meta name=\"robots\" content=\"index, follow, max-snippet:-1, max-image-preview:large, max-video-preview:-1\" \/>\n<link rel=\"canonical\" href=\"https:\/\/anticopastificio.it\/prodotto\/pesto-siciliano\/\" \/>\n<meta property=\"og:locale\" content=\"fr_FR\" \/>\n<meta property=\"og:type\" content=\"article\" \/>\n<meta property=\"og:title\" content=\"Pesto siciliano - Antico Pastificio del Gargano\" \/>\n<meta property=\"og:description\" content=\"INGR\u00c9DIENTS: Huile de tournesol 33%, pulpe de tomate 31%, tomates s\u00e9ch\u00e9es 15%, flocons de pomme de terre, basilic, fromages (lait de vache, sel, pr\u00e9sure, prot\u00e9ine d&#039;oeuf lysozyme), concentr\u00e9 de tomate, oignon, noix de cajou, sel, extrait de levure, sucre, ail, huile d&#039;olive extra vierge. R\u00e9gulateur d&#039;acidit\u00e9: acide lactique - Antioxydant: acide L-ascorbique. D\u00c9TAILS DU PRODUIT\" \/>\n<meta property=\"og:url\" content=\"https:\/\/anticopastificio.it\/prodotto\/pesto-siciliano\/\" \/>\n<meta property=\"og:site_name\" content=\"Antico Pastificio del Gargano\" \/>\n<meta property=\"article:modified_time\" content=\"2021-02-26T16:33:10+00:00\" \/>\n<meta property=\"og:image\" content=\"https:\/\/anticopastificio.it\/wp-content\/uploads\/2021\/02\/PESTO-SICILIANO.jpg\" \/>\n\t<meta property=\"og:image:width\" content=\"1000\" \/>\n\t<meta property=\"og:image:height\" content=\"1000\" \/>\n\t<meta property=\"og:image:type\" content=\"image\/jpeg\" \/>\n<meta name=\"twitter:card\" content=\"summary_large_image\" \/>\n<script type=\"application\/ld+json\" class=\"yoast-schema-graph\">{\"@context\":\"https:\/\/schema.org\",\"@graph\":[{\"@type\":\"WebPage\",\"@id\":\"https:\/\/anticopastificio.it\/prodotto\/pesto-siciliano\/\",\"url\":\"https:\/\/anticopastificio.it\/prodotto\/pesto-siciliano\/\",\"name\":\"Pesto siciliano - Antico Pastificio del Gargano\",\"isPartOf\":{\"@id\":\"https:\/\/anticopastificio.it\/#website\"},\"primaryImageOfPage\":{\"@id\":\"https:\/\/anticopastificio.it\/prodotto\/pesto-siciliano\/#primaryimage\"},\"image\":{\"@id\":\"https:\/\/anticopastificio.it\/prodotto\/pesto-siciliano\/#primaryimage\"},\"thumbnailUrl\":\"https:\/\/anticopastificio.it\/wp-content\/uploads\/2021\/02\/PESTO-SICILIANO.jpg\",\"datePublished\":\"2021-02-23T14:09:01+00:00\",\"dateModified\":\"2021-02-26T16:33:10+00:00\",\"breadcrumb\":{\"@id\":\"https:\/\/anticopastificio.it\/prodotto\/pesto-siciliano\/#breadcrumb\"},\"inLanguage\":\"fr-FR\",\"potentialAction\":[{\"@type\":\"ReadAction\",\"target\":[\"https:\/\/anticopastificio.it\/prodotto\/pesto-siciliano\/\"]}]},{\"@type\":\"ImageObject\",\"inLanguage\":\"fr-FR\",\"@id\":\"https:\/\/anticopastificio.it\/prodotto\/pesto-siciliano\/#primaryimage\",\"url\":\"https:\/\/anticopastificio.it\/wp-content\/uploads\/2021\/02\/PESTO-SICILIANO.jpg\",\"contentUrl\":\"https:\/\/anticopastificio.it\/wp-content\/uploads\/2021\/02\/PESTO-SICILIANO.jpg\",\"width\":1000,\"height\":1000},{\"@type\":\"BreadcrumbList\",\"@id\":\"https:\/\/anticopastificio.it\/prodotto\/pesto-siciliano\/#breadcrumb\",\"itemListElement\":[{\"@type\":\"ListItem\",\"position\":1,\"name\":\"Home\",\"item\":\"https:\/\/anticopastificio.it\/\"},{\"@type\":\"ListItem\",\"position\":2,\"name\":\"Prodotti\",\"item\":\"https:\/\/anticopastificio.it\/shop\/\"},{\"@type\":\"ListItem\",\"position\":3,\"name\":\"Pesto siciliano\"}]},{\"@type\":\"WebSite\",\"@id\":\"https:\/\/anticopastificio.it\/#website\",\"url\":\"https:\/\/anticopastificio.it\/\",\"name\":\"Antico Pastificio del Gargano\",\"description\":\"\",\"publisher\":{\"@id\":\"https:\/\/anticopastificio.it\/#organization\"},\"potentialAction\":[{\"@type\":\"SearchAction\",\"target\":{\"@type\":\"EntryPoint\",\"urlTemplate\":\"https:\/\/anticopastificio.it\/?s={search_term_string}\"},\"query-input\":{\"@type\":\"PropertyValueSpecification\",\"valueRequired\":true,\"valueName\":\"search_term_string\"}}],\"inLanguage\":\"fr-FR\"},{\"@type\":\"Organization\",\"@id\":\"https:\/\/anticopastificio.it\/#organization\",\"name\":\"Antico Pastificio del Gargano\",\"url\":\"https:\/\/anticopastificio.it\/\",\"logo\":{\"@type\":\"ImageObject\",\"inLanguage\":\"fr-FR\",\"@id\":\"https:\/\/anticopastificio.it\/#\/schema\/logo\/image\/\",\"url\":\"https:\/\/anticopastificio.it\/wp-content\/uploads\/2021\/02\/logo.png\",\"contentUrl\":\"https:\/\/anticopastificio.it\/wp-content\/uploads\/2021\/02\/logo.png\",\"width\":163,\"height\":163,\"caption\":\"Antico Pastificio del Gargano\"},\"image\":{\"@id\":\"https:\/\/anticopastificio.it\/#\/schema\/logo\/image\/\"}}]}<\/script>\n<!-- \/ Yoast SEO plugin. -->","yoast_head_json":{"title":"Pesto siciliano - Antico Pastificio del Gargano","robots":{"index":"index","follow":"follow","max-snippet":"max-snippet:-1","max-image-preview":"max-image-preview:large","max-video-preview":"max-video-preview:-1"},"canonical":"https:\/\/anticopastificio.it\/prodotto\/pesto-siciliano\/","og_locale":"fr_FR","og_type":"article","og_title":"Pesto siciliano - Antico Pastificio del Gargano","og_description":"INGR\u00c9DIENTS: Huile de tournesol 33%, pulpe de tomate 31%, tomates s\u00e9ch\u00e9es 15%, flocons de pomme de terre, basilic, fromages (lait de vache, sel, pr\u00e9sure, prot\u00e9ine d'oeuf lysozyme), concentr\u00e9 de tomate, oignon, noix de cajou, sel, extrait de levure, sucre, ail, huile d'olive extra vierge. R\u00e9gulateur d'acidit\u00e9: acide lactique - Antioxydant: acide L-ascorbique. D\u00c9TAILS DU PRODUIT","og_url":"https:\/\/anticopastificio.it\/prodotto\/pesto-siciliano\/","og_site_name":"Antico Pastificio del Gargano","article_modified_time":"2021-02-26T16:33:10+00:00","og_image":[{"width":1000,"height":1000,"url":"https:\/\/anticopastificio.it\/wp-content\/uploads\/2021\/02\/PESTO-SICILIANO.jpg","type":"image\/jpeg"}],"twitter_card":"summary_large_image","schema":{"@context":"https:\/\/schema.org","@graph":[{"@type":"WebPage","@id":"https:\/\/anticopastificio.it\/prodotto\/pesto-siciliano\/","url":"https:\/\/anticopastificio.it\/prodotto\/pesto-siciliano\/","name":"Pesto siciliano - Antico Pastificio del Gargano","isPartOf":{"@id":"https:\/\/anticopastificio.it\/#website"},"primaryImageOfPage":{"@id":"https:\/\/anticopastificio.it\/prodotto\/pesto-siciliano\/#primaryimage"},"image":{"@id":"https:\/\/anticopastificio.it\/prodotto\/pesto-siciliano\/#primaryimage"},"thumbnailUrl":"https:\/\/anticopastificio.it\/wp-content\/uploads\/2021\/02\/PESTO-SICILIANO.jpg","datePublished":"2021-02-23T14:09:01+00:00","dateModified":"2021-02-26T16:33:10+00:00","breadcrumb":{"@id":"https:\/\/anticopastificio.it\/prodotto\/pesto-siciliano\/#breadcrumb"},"inLanguage":"fr-FR","potentialAction":[{"@type":"ReadAction","target":["https:\/\/anticopastificio.it\/prodotto\/pesto-siciliano\/"]}]},{"@type":"ImageObject","inLanguage":"fr-FR","@id":"https:\/\/anticopastificio.it\/prodotto\/pesto-siciliano\/#primaryimage","url":"https:\/\/anticopastificio.it\/wp-content\/uploads\/2021\/02\/PESTO-SICILIANO.jpg","contentUrl":"https:\/\/anticopastificio.it\/wp-content\/uploads\/2021\/02\/PESTO-SICILIANO.jpg","width":1000,"height":1000},{"@type":"BreadcrumbList","@id":"https:\/\/anticopastificio.it\/prodotto\/pesto-siciliano\/#breadcrumb","itemListElement":[{"@type":"ListItem","position":1,"name":"Home","item":"https:\/\/anticopastificio.it\/"},{"@type":"ListItem","position":2,"name":"Prodotti","item":"https:\/\/anticopastificio.it\/shop\/"},{"@type":"ListItem","position":3,"name":"Pesto siciliano"}]},{"@type":"WebSite","@id":"https:\/\/anticopastificio.it\/#website","url":"https:\/\/anticopastificio.it\/","name":"Antico Pastificio del Gargano","description":"","publisher":{"@id":"https:\/\/anticopastificio.it\/#organization"},"potentialAction":[{"@type":"SearchAction","target":{"@type":"EntryPoint","urlTemplate":"https:\/\/anticopastificio.it\/?s={search_term_string}"},"query-input":{"@type":"PropertyValueSpecification","valueRequired":true,"valueName":"search_term_string"}}],"inLanguage":"fr-FR"},{"@type":"Organization","@id":"https:\/\/anticopastificio.it\/#organization","name":"Antico Pastificio del Gargano","url":"https:\/\/anticopastificio.it\/","logo":{"@type":"ImageObject","inLanguage":"fr-FR","@id":"https:\/\/anticopastificio.it\/#\/schema\/logo\/image\/","url":"https:\/\/anticopastificio.it\/wp-content\/uploads\/2021\/02\/logo.png","contentUrl":"https:\/\/anticopastificio.it\/wp-content\/uploads\/2021\/02\/logo.png","width":163,"height":163,"caption":"Antico Pastificio del Gargano"},"image":{"@id":"https:\/\/anticopastificio.it\/#\/schema\/logo\/image\/"}}]}},"_links":{"self":[{"href":"https:\/\/anticopastificio.it\/fr\/wp-json\/wp\/v2\/product\/6845","targetHints":{"allow":["GET"]}}],"collection":[{"href":"https:\/\/anticopastificio.it\/fr\/wp-json\/wp\/v2\/product"}],"about":[{"href":"https:\/\/anticopastificio.it\/fr\/wp-json\/wp\/v2\/types\/product"}],"replies":[{"embeddable":true,"href":"https:\/\/anticopastificio.it\/fr\/wp-json\/wp\/v2\/comments?post=6845"}],"wp:featuredmedia":[{"embeddable":true,"href":"https:\/\/anticopastificio.it\/fr\/wp-json\/wp\/v2\/media\/5917"}],"wp:attachment":[{"href":"https:\/\/anticopastificio.it\/fr\/wp-json\/wp\/v2\/media?parent=6845"}],"wp:term":[{"taxonomy":"product_brand","embeddable":true,"href":"https:\/\/anticopastificio.it\/fr\/wp-json\/wp\/v2\/product_brand?post=6845"},{"taxonomy":"product_cat","embeddable":true,"href":"https:\/\/anticopastificio.it\/fr\/wp-json\/wp\/v2\/product_cat?post=6845"},{"taxonomy":"product_tag","embeddable":true,"href":"https:\/\/anticopastificio.it\/fr\/wp-json\/wp\/v2\/product_tag?post=6845"}],"curies":[{"name":"wp","href":"https:\/\/api.w.org\/{rel}","templated":true}]}}