{"id":6287,"date":"2021-02-22T09:30:58","date_gmt":"2021-02-22T09:30:58","guid":{"rendered":"http:\/\/anticopastificio.it\/nuovosito\/pasta\/"},"modified":"2021-02-26T16:20:55","modified_gmt":"2021-02-26T16:20:55","slug":"pasta","status":"publish","type":"page","link":"https:\/\/anticopastificio.it\/fr\/pasta\/","title":{"rendered":"Pasta"},"content":{"rendered":"\t\t<div data-elementor-type=\"wp-page\" data-elementor-id=\"6287\" class=\"elementor elementor-6287\">\n\t\t\t\t\t\t<section class=\"elementor-section elementor-top-section elementor-element elementor-element-75f10f4d elementor-section-stretched elementor-section-boxed elementor-section-height-default elementor-section-height-default\" data-id=\"75f10f4d\" data-element_type=\"section\" data-settings=\"{&quot;stretch_section&quot;:&quot;section-stretched&quot;}\">\n\t\t\t\t\t\t<div class=\"elementor-container elementor-column-gap-default\">\n\t\t\t\t\t<div class=\"elementor-column elementor-col-100 elementor-top-column elementor-element elementor-element-2242056b\" data-id=\"2242056b\" data-element_type=\"column\">\n\t\t\t<div class=\"elementor-widget-wrap elementor-element-populated\">\n\t\t\t\t\t\t<div class=\"elementor-element elementor-element-21098a0d naturally-transform transform-type-translate elementor-widget elementor-widget-heading\" data-id=\"21098a0d\" data-element_type=\"widget\" data-widget_type=\"heading.default\">\n\t\t\t\t<div class=\"elementor-widget-container\">\n\t\t\t<h1 class=\"elementor-heading-title elementor-size-default\">D\u00e9couvrez toutes nos <i>vari\u00e9t\u00e9s<\/i>!<\/h1>\t\t<\/div>\n\t\t\t\t<\/div>\n\t\t\t\t\t<\/div>\n\t\t<\/div>\n\t\t\t\t\t<\/div>\n\t\t<\/section>\n\t\t\t\t<section class=\"elementor-section elementor-top-section elementor-element elementor-element-aa9cc18 elementor-section-stretched elementor-section-boxed elementor-section-height-default elementor-section-height-default\" data-id=\"aa9cc18\" data-element_type=\"section\" data-settings=\"{&quot;stretch_section&quot;:&quot;section-stretched&quot;}\">\n\t\t\t\t\t\t<div class=\"elementor-container elementor-column-gap-default\">\n\t\t\t\t\t<div class=\"elementor-column elementor-col-100 elementor-top-column elementor-element elementor-element-8875975\" data-id=\"8875975\" data-element_type=\"column\">\n\t\t\t<div class=\"elementor-widget-wrap elementor-element-populated\">\n\t\t\t\t\t\t<div class=\"elementor-element elementor-element-dffc521 elementor-widget elementor-widget-spacer\" data-id=\"dffc521\" data-element_type=\"widget\" data-widget_type=\"spacer.default\">\n\t\t\t\t<div class=\"elementor-widget-container\">\n\t\t\t\t\t<div class=\"elementor-spacer\">\n\t\t\t<div class=\"elementor-spacer-inner\"><\/div>\n\t\t<\/div>\n\t\t\t\t<\/div>\n\t\t\t\t<\/div>\n\t\t\t\t\t<\/div>\n\t\t<\/div>\n\t\t\t\t\t<\/div>\n\t\t<\/section>\n\t\t\t\t<section class=\"elementor-section elementor-top-section elementor-element elementor-element-60496b9 elementor-section-stretched elementor-section-boxed elementor-section-height-default elementor-section-height-default\" data-id=\"60496b9\" data-element_type=\"section\" data-settings=\"{&quot;stretch_section&quot;:&quot;section-stretched&quot;}\">\n\t\t\t\t\t\t<div class=\"elementor-container elementor-column-gap-default\">\n\t\t\t\t\t<div class=\"elementor-column elementor-col-100 elementor-top-column elementor-element elementor-element-f8df687\" data-id=\"f8df687\" data-element_type=\"column\">\n\t\t\t<div class=\"elementor-widget-wrap elementor-element-populated\">\n\t\t\t\t\t\t<div class=\"elementor-element elementor-element-2eb32f6 elementor-widget elementor-widget-naturally-woo-category-grid\" data-id=\"2eb32f6\" data-element_type=\"widget\" data-widget_type=\"naturally-woo-category-grid.default\">\n\t\t\t\t<div class=\"elementor-widget-container\">\n\t\t\t<div class=\"section-custom-categories\"><div class=\"container-off\"><div class=\"grid\"><div class=\"grid_row is-30 is-md-40 justify-content-center\"><div class=\"grid_col is-12 is-sm-3 is-md-3 is-lg-3 is-xl-3 product-items\"><a class=\"slider-categories_item\" href=\"\/fr\/linguine-aromatizzate\/\"><img decoding=\"async\" width=\"150\" height=\"150\" src=\"https:\/\/anticopastificio.it\/wp-content\/uploads\/2021\/02\/linguine-arimatizzate-150x150.jpg\" class=\"slider-categories_item_photo\" alt=\"\" srcset=\"https:\/\/anticopastificio.it\/wp-content\/uploads\/2021\/02\/linguine-arimatizzate-150x150.jpg 150w, https:\/\/anticopastificio.it\/wp-content\/uploads\/2021\/02\/linguine-arimatizzate-300x300.jpg 300w, https:\/\/anticopastificio.it\/wp-content\/uploads\/2021\/02\/linguine-arimatizzate-100x100.jpg 100w, https:\/\/anticopastificio.it\/wp-content\/uploads\/2021\/02\/linguine-arimatizzate-980x980.jpg 980w, https:\/\/anticopastificio.it\/wp-content\/uploads\/2021\/02\/linguine-arimatizzate-768x768.jpg 768w, https:\/\/anticopastificio.it\/wp-content\/uploads\/2021\/02\/linguine-arimatizzate-500x500.jpg 500w, https:\/\/anticopastificio.it\/wp-content\/uploads\/2021\/02\/linguine-arimatizzate-450x450.jpg 450w, https:\/\/anticopastificio.it\/wp-content\/uploads\/2021\/02\/linguine-arimatizzate.jpg 1000w\" sizes=\"(max-width: 150px) 100vw, 150px\" \/><span class=\"grid-categories_item_count\">Linguine aromatizzate<\/span><\/a><\/div><div class=\"grid_col is-12 is-sm-3 is-md-3 is-lg-3 is-xl-3 product-items\"><a class=\"slider-categories_item\" href=\"\/fr\/pasta-lunga\/\"><img decoding=\"async\" width=\"150\" height=\"150\" src=\"https:\/\/anticopastificio.it\/wp-content\/uploads\/2021\/02\/la-pasta-lunga-150x150.jpg\" class=\"slider-categories_item_photo\" alt=\"\" srcset=\"https:\/\/anticopastificio.it\/wp-content\/uploads\/2021\/02\/la-pasta-lunga-150x150.jpg 150w, https:\/\/anticopastificio.it\/wp-content\/uploads\/2021\/02\/la-pasta-lunga-300x300.jpg 300w, https:\/\/anticopastificio.it\/wp-content\/uploads\/2021\/02\/la-pasta-lunga-100x100.jpg 100w, https:\/\/anticopastificio.it\/wp-content\/uploads\/2021\/02\/la-pasta-lunga-980x980.jpg 980w, https:\/\/anticopastificio.it\/wp-content\/uploads\/2021\/02\/la-pasta-lunga-768x768.jpg 768w, https:\/\/anticopastificio.it\/wp-content\/uploads\/2021\/02\/la-pasta-lunga-500x500.jpg 500w, https:\/\/anticopastificio.it\/wp-content\/uploads\/2021\/02\/la-pasta-lunga-450x450.jpg 450w, https:\/\/anticopastificio.it\/wp-content\/uploads\/2021\/02\/la-pasta-lunga.jpg 1000w\" sizes=\"(max-width: 150px) 100vw, 150px\" \/><span class=\"grid-categories_item_count\">Pasta lunga<\/span><\/a><\/div><div class=\"grid_col is-12 is-sm-3 is-md-3 is-lg-3 is-xl-3 product-items\"><a class=\"slider-categories_item\" href=\"\/fr\/pasta-tradizionale\/\"><img decoding=\"async\" width=\"150\" height=\"150\" src=\"https:\/\/anticopastificio.it\/wp-content\/uploads\/2021\/02\/la-pasta-tradizionale-150x150.jpg\" class=\"slider-categories_item_photo\" alt=\"\" srcset=\"https:\/\/anticopastificio.it\/wp-content\/uploads\/2021\/02\/la-pasta-tradizionale-150x150.jpg 150w, https:\/\/anticopastificio.it\/wp-content\/uploads\/2021\/02\/la-pasta-tradizionale-300x300.jpg 300w, https:\/\/anticopastificio.it\/wp-content\/uploads\/2021\/02\/la-pasta-tradizionale-100x100.jpg 100w, https:\/\/anticopastificio.it\/wp-content\/uploads\/2021\/02\/la-pasta-tradizionale-980x980.jpg 980w, https:\/\/anticopastificio.it\/wp-content\/uploads\/2021\/02\/la-pasta-tradizionale-768x768.jpg 768w, https:\/\/anticopastificio.it\/wp-content\/uploads\/2021\/02\/la-pasta-tradizionale-500x500.jpg 500w, https:\/\/anticopastificio.it\/wp-content\/uploads\/2021\/02\/la-pasta-tradizionale-450x450.jpg 450w, https:\/\/anticopastificio.it\/wp-content\/uploads\/2021\/02\/la-pasta-tradizionale.jpg 1000w\" sizes=\"(max-width: 150px) 100vw, 150px\" \/><span class=\"grid-categories_item_count\">Pasta tradizionale<\/span><\/a><\/div><div class=\"grid_col is-12 is-sm-3 is-md-3 is-lg-3 is-xl-3 product-items\"><a class=\"slider-categories_item\" href=\"\/fr\/pasta-trafilata-in-bronzo\/\"><img loading=\"lazy\" decoding=\"async\" width=\"150\" height=\"150\" src=\"https:\/\/anticopastificio.it\/wp-content\/uploads\/2021\/02\/la-pasta-trafilata-in-bronzo-150x150.jpg\" class=\"slider-categories_item_photo\" alt=\"\" srcset=\"https:\/\/anticopastificio.it\/wp-content\/uploads\/2021\/02\/la-pasta-trafilata-in-bronzo-150x150.jpg 150w, https:\/\/anticopastificio.it\/wp-content\/uploads\/2021\/02\/la-pasta-trafilata-in-bronzo-300x300.jpg 300w, https:\/\/anticopastificio.it\/wp-content\/uploads\/2021\/02\/la-pasta-trafilata-in-bronzo-100x100.jpg 100w, https:\/\/anticopastificio.it\/wp-content\/uploads\/2021\/02\/la-pasta-trafilata-in-bronzo-980x980.jpg 980w, https:\/\/anticopastificio.it\/wp-content\/uploads\/2021\/02\/la-pasta-trafilata-in-bronzo-768x768.jpg 768w, https:\/\/anticopastificio.it\/wp-content\/uploads\/2021\/02\/la-pasta-trafilata-in-bronzo-500x500.jpg 500w, https:\/\/anticopastificio.it\/wp-content\/uploads\/2021\/02\/la-pasta-trafilata-in-bronzo-450x450.jpg 450w, https:\/\/anticopastificio.it\/wp-content\/uploads\/2021\/02\/la-pasta-trafilata-in-bronzo.jpg 1000w\" sizes=\"(max-width: 150px) 100vw, 150px\" \/><span class=\"grid-categories_item_count\">Pasta trafilata in bronzo<\/span><\/a><\/div><div class=\"grid_col is-12 is-sm-3 is-md-3 is-lg-3 is-xl-3 product-items\"><a class=\"slider-categories_item\" href=\"\/fr\/pasta-tricolore\/\"><img loading=\"lazy\" decoding=\"async\" width=\"150\" height=\"150\" src=\"https:\/\/anticopastificio.it\/wp-content\/uploads\/2021\/02\/la-pasta-tricolore-150x150.jpg\" class=\"slider-categories_item_photo\" alt=\"\" srcset=\"https:\/\/anticopastificio.it\/wp-content\/uploads\/2021\/02\/la-pasta-tricolore-150x150.jpg 150w, https:\/\/anticopastificio.it\/wp-content\/uploads\/2021\/02\/la-pasta-tricolore-300x300.jpg 300w, https:\/\/anticopastificio.it\/wp-content\/uploads\/2021\/02\/la-pasta-tricolore-100x100.jpg 100w, https:\/\/anticopastificio.it\/wp-content\/uploads\/2021\/02\/la-pasta-tricolore-980x980.jpg 980w, https:\/\/anticopastificio.it\/wp-content\/uploads\/2021\/02\/la-pasta-tricolore-768x768.jpg 768w, https:\/\/anticopastificio.it\/wp-content\/uploads\/2021\/02\/la-pasta-tricolore-500x500.jpg 500w, https:\/\/anticopastificio.it\/wp-content\/uploads\/2021\/02\/la-pasta-tricolore-450x450.jpg 450w, https:\/\/anticopastificio.it\/wp-content\/uploads\/2021\/02\/la-pasta-tricolore.jpg 1000w\" sizes=\"(max-width: 150px) 100vw, 150px\" \/><span class=\"grid-categories_item_count\">Pasta tricolore<\/span><\/a><\/div><div class=\"grid_col is-12 is-sm-3 is-md-3 is-lg-3 is-xl-3 product-items\"><a class=\"slider-categories_item\" href=\"\/fr\/pasta-alluovo\/\"><img loading=\"lazy\" decoding=\"async\" width=\"150\" height=\"150\" src=\"https:\/\/anticopastificio.it\/wp-content\/uploads\/2021\/02\/la-pasta-all-uovo-150x150.png\" class=\"slider-categories_item_photo\" alt=\"\" srcset=\"https:\/\/anticopastificio.it\/wp-content\/uploads\/2021\/02\/la-pasta-all-uovo-150x150.png 150w, https:\/\/anticopastificio.it\/wp-content\/uploads\/2021\/02\/la-pasta-all-uovo-300x300.png 300w, https:\/\/anticopastificio.it\/wp-content\/uploads\/2021\/02\/la-pasta-all-uovo-100x100.png 100w, https:\/\/anticopastificio.it\/wp-content\/uploads\/2021\/02\/la-pasta-all-uovo-980x980.png 980w, https:\/\/anticopastificio.it\/wp-content\/uploads\/2021\/02\/la-pasta-all-uovo-768x768.png 768w, https:\/\/anticopastificio.it\/wp-content\/uploads\/2021\/02\/la-pasta-all-uovo-500x500.png 500w, https:\/\/anticopastificio.it\/wp-content\/uploads\/2021\/02\/la-pasta-all-uovo-450x450.png 450w, https:\/\/anticopastificio.it\/wp-content\/uploads\/2021\/02\/la-pasta-all-uovo.png 1000w\" sizes=\"(max-width: 150px) 100vw, 150px\" \/><span class=\"grid-categories_item_count\">Pasta all'uovo<\/span><\/a><\/div><div class=\"grid_col is-12 is-sm-3 is-md-3 is-lg-3 is-xl-3 product-items\"><a class=\"slider-categories_item\" href=\"\/fr\/specialita-5-gusti\/\"><img loading=\"lazy\" decoding=\"async\" width=\"150\" height=\"150\" src=\"https:\/\/anticopastificio.it\/wp-content\/uploads\/2021\/02\/la-pasta-5-gusti-150x150.jpg\" class=\"slider-categories_item_photo\" alt=\"\" srcset=\"https:\/\/anticopastificio.it\/wp-content\/uploads\/2021\/02\/la-pasta-5-gusti-150x150.jpg 150w, https:\/\/anticopastificio.it\/wp-content\/uploads\/2021\/02\/la-pasta-5-gusti-300x300.jpg 300w, https:\/\/anticopastificio.it\/wp-content\/uploads\/2021\/02\/la-pasta-5-gusti-100x100.jpg 100w, https:\/\/anticopastificio.it\/wp-content\/uploads\/2021\/02\/la-pasta-5-gusti-980x980.jpg 980w, https:\/\/anticopastificio.it\/wp-content\/uploads\/2021\/02\/la-pasta-5-gusti-768x768.jpg 768w, https:\/\/anticopastificio.it\/wp-content\/uploads\/2021\/02\/la-pasta-5-gusti-500x500.jpg 500w, https:\/\/anticopastificio.it\/wp-content\/uploads\/2021\/02\/la-pasta-5-gusti-450x450.jpg 450w, https:\/\/anticopastificio.it\/wp-content\/uploads\/2021\/02\/la-pasta-5-gusti.jpg 1000w\" sizes=\"(max-width: 150px) 100vw, 150px\" \/><span class=\"grid-categories_item_count\">Specialit\u00e0 5 gusti<\/span><\/a><\/div><div class=\"grid_col is-12 is-sm-3 is-md-3 is-lg-3 is-xl-3 product-items\"><a class=\"slider-categories_item\" href=\"\/fr\/le-delicatezze\/\"><img loading=\"lazy\" decoding=\"async\" width=\"150\" height=\"150\" src=\"https:\/\/anticopastificio.it\/wp-content\/uploads\/2021\/02\/le-delicatezze-150x150.jpg\" class=\"slider-categories_item_photo\" alt=\"\" srcset=\"https:\/\/anticopastificio.it\/wp-content\/uploads\/2021\/02\/le-delicatezze-150x150.jpg 150w, https:\/\/anticopastificio.it\/wp-content\/uploads\/2021\/02\/le-delicatezze-300x300.jpg 300w, https:\/\/anticopastificio.it\/wp-content\/uploads\/2021\/02\/le-delicatezze-100x100.jpg 100w, https:\/\/anticopastificio.it\/wp-content\/uploads\/2021\/02\/le-delicatezze-980x980.jpg 980w, https:\/\/anticopastificio.it\/wp-content\/uploads\/2021\/02\/le-delicatezze-768x768.jpg 768w, https:\/\/anticopastificio.it\/wp-content\/uploads\/2021\/02\/le-delicatezze-500x500.jpg 500w, https:\/\/anticopastificio.it\/wp-content\/uploads\/2021\/02\/le-delicatezze-450x450.jpg 450w, https:\/\/anticopastificio.it\/wp-content\/uploads\/2021\/02\/le-delicatezze.jpg 1000w\" sizes=\"(max-width: 150px) 100vw, 150px\" \/><span class=\"grid-categories_item_count\">Le delicatezze<\/span><\/a><\/div><\/div><\/div><\/div><\/div>\t\t<\/div>\n\t\t\t\t<\/div>\n\t\t\t\t\t<\/div>\n\t\t<\/div>\n\t\t\t\t\t<\/div>\n\t\t<\/section>\n\t\t\t\t<\/div>\n\t\t","protected":false},"excerpt":{"rendered":"<p>D\u00e9couvrez toutes nos vari\u00e9t\u00e9s! Linguine aromatizzatePasta lungaPasta tradizionalePasta trafilata in bronzoPasta tricolorePasta all&#8217;uovoSpecialit\u00e0 5 gustiLe delicatezze<\/p>\n","protected":false},"author":1,"featured_media":0,"parent":0,"menu_order":0,"comment_status":"closed","ping_status":"open","template":"","meta":{"_acf_changed":false,"footnotes":""},"class_list":{"0":"post-6287","1":"page","2":"type-page","3":"status-publish","4":"hentry","5":"nt-post-class","6":"","7":"masonry-item","8":"col-lg-6","10":"thumb-none","12":"excerpt-none"},"acf":[],"yoast_head":"<!-- This site is optimized with the Yoast SEO plugin v24.1 - https:\/\/yoast.com\/wordpress\/plugins\/seo\/ -->\n<title>Pasta - Antico Pastificio del Gargano<\/title>\n<meta name=\"robots\" content=\"index, follow, max-snippet:-1, max-image-preview:large, max-video-preview:-1\" \/>\n<link rel=\"canonical\" href=\"https:\/\/anticopastificio.it\/pasta\/\" \/>\n<meta property=\"og:locale\" content=\"fr_FR\" \/>\n<meta property=\"og:type\" content=\"article\" \/>\n<meta property=\"og:title\" content=\"Pasta - Antico Pastificio del Gargano\" \/>\n<meta property=\"og:description\" content=\"D\u00e9couvrez toutes nos vari\u00e9t\u00e9s! Linguine aromatizzatePasta lungaPasta tradizionalePasta trafilata in bronzoPasta tricolorePasta all&#8217;uovoSpecialit\u00e0 5 gustiLe delicatezze\" \/>\n<meta property=\"og:url\" content=\"https:\/\/anticopastificio.it\/pasta\/\" \/>\n<meta property=\"og:site_name\" content=\"Antico Pastificio del Gargano\" \/>\n<meta property=\"article:modified_time\" content=\"2021-02-26T16:20:55+00:00\" \/>\n<meta property=\"og:image\" content=\"http:\/\/anticopastificio.it\/wp-content\/uploads\/2021\/02\/linguine-arimatizzate.jpg\" \/>\n<meta name=\"twitter:card\" content=\"summary_large_image\" \/>\n<meta name=\"twitter:label1\" content=\"Dur\u00e9e de lecture estim\u00e9e\" \/>\n\t<meta name=\"twitter:data1\" content=\"2 minutes\" \/>\n<script type=\"application\/ld+json\" class=\"yoast-schema-graph\">{\"@context\":\"https:\/\/schema.org\",\"@graph\":[{\"@type\":\"WebPage\",\"@id\":\"https:\/\/anticopastificio.it\/pasta\/\",\"url\":\"https:\/\/anticopastificio.it\/pasta\/\",\"name\":\"Pasta - Antico Pastificio del Gargano\",\"isPartOf\":{\"@id\":\"https:\/\/anticopastificio.it\/#website\"},\"primaryImageOfPage\":{\"@id\":\"https:\/\/anticopastificio.it\/pasta\/#primaryimage\"},\"image\":{\"@id\":\"https:\/\/anticopastificio.it\/pasta\/#primaryimage\"},\"thumbnailUrl\":\"http:\/\/anticopastificio.it\/wp-content\/uploads\/2021\/02\/linguine-arimatizzate.jpg\",\"datePublished\":\"2021-02-22T09:30:58+00:00\",\"dateModified\":\"2021-02-26T16:20:55+00:00\",\"breadcrumb\":{\"@id\":\"https:\/\/anticopastificio.it\/pasta\/#breadcrumb\"},\"inLanguage\":\"fr-FR\",\"potentialAction\":[{\"@type\":\"ReadAction\",\"target\":[\"https:\/\/anticopastificio.it\/pasta\/\"]}]},{\"@type\":\"ImageObject\",\"inLanguage\":\"fr-FR\",\"@id\":\"https:\/\/anticopastificio.it\/pasta\/#primaryimage\",\"url\":\"http:\/\/anticopastificio.it\/wp-content\/uploads\/2021\/02\/linguine-arimatizzate.jpg\",\"contentUrl\":\"http:\/\/anticopastificio.it\/wp-content\/uploads\/2021\/02\/linguine-arimatizzate.jpg\"},{\"@type\":\"BreadcrumbList\",\"@id\":\"https:\/\/anticopastificio.it\/pasta\/#breadcrumb\",\"itemListElement\":[{\"@type\":\"ListItem\",\"position\":1,\"name\":\"Home\",\"item\":\"https:\/\/anticopastificio.it\/\"},{\"@type\":\"ListItem\",\"position\":2,\"name\":\"Pasta\"}]},{\"@type\":\"WebSite\",\"@id\":\"https:\/\/anticopastificio.it\/#website\",\"url\":\"https:\/\/anticopastificio.it\/\",\"name\":\"Antico Pastificio del Gargano\",\"description\":\"\",\"publisher\":{\"@id\":\"https:\/\/anticopastificio.it\/#organization\"},\"potentialAction\":[{\"@type\":\"SearchAction\",\"target\":{\"@type\":\"EntryPoint\",\"urlTemplate\":\"https:\/\/anticopastificio.it\/?s={search_term_string}\"},\"query-input\":{\"@type\":\"PropertyValueSpecification\",\"valueRequired\":true,\"valueName\":\"search_term_string\"}}],\"inLanguage\":\"fr-FR\"},{\"@type\":\"Organization\",\"@id\":\"https:\/\/anticopastificio.it\/#organization\",\"name\":\"Antico Pastificio del Gargano\",\"url\":\"https:\/\/anticopastificio.it\/\",\"logo\":{\"@type\":\"ImageObject\",\"inLanguage\":\"fr-FR\",\"@id\":\"https:\/\/anticopastificio.it\/#\/schema\/logo\/image\/\",\"url\":\"https:\/\/anticopastificio.it\/wp-content\/uploads\/2021\/02\/logo.png\",\"contentUrl\":\"https:\/\/anticopastificio.it\/wp-content\/uploads\/2021\/02\/logo.png\",\"width\":163,\"height\":163,\"caption\":\"Antico Pastificio del Gargano\"},\"image\":{\"@id\":\"https:\/\/anticopastificio.it\/#\/schema\/logo\/image\/\"}}]}<\/script>\n<!-- \/ Yoast SEO plugin. -->","yoast_head_json":{"title":"Pasta - Antico Pastificio del Gargano","robots":{"index":"index","follow":"follow","max-snippet":"max-snippet:-1","max-image-preview":"max-image-preview:large","max-video-preview":"max-video-preview:-1"},"canonical":"https:\/\/anticopastificio.it\/pasta\/","og_locale":"fr_FR","og_type":"article","og_title":"Pasta - Antico Pastificio del Gargano","og_description":"D\u00e9couvrez toutes nos vari\u00e9t\u00e9s! Linguine aromatizzatePasta lungaPasta tradizionalePasta trafilata in bronzoPasta tricolorePasta all&#8217;uovoSpecialit\u00e0 5 gustiLe delicatezze","og_url":"https:\/\/anticopastificio.it\/pasta\/","og_site_name":"Antico Pastificio del Gargano","article_modified_time":"2021-02-26T16:20:55+00:00","og_image":[{"url":"http:\/\/anticopastificio.it\/wp-content\/uploads\/2021\/02\/linguine-arimatizzate.jpg","type":"","width":"","height":""}],"twitter_card":"summary_large_image","twitter_misc":{"Dur\u00e9e de lecture estim\u00e9e":"2 minutes"},"schema":{"@context":"https:\/\/schema.org","@graph":[{"@type":"WebPage","@id":"https:\/\/anticopastificio.it\/pasta\/","url":"https:\/\/anticopastificio.it\/pasta\/","name":"Pasta - Antico Pastificio del Gargano","isPartOf":{"@id":"https:\/\/anticopastificio.it\/#website"},"primaryImageOfPage":{"@id":"https:\/\/anticopastificio.it\/pasta\/#primaryimage"},"image":{"@id":"https:\/\/anticopastificio.it\/pasta\/#primaryimage"},"thumbnailUrl":"http:\/\/anticopastificio.it\/wp-content\/uploads\/2021\/02\/linguine-arimatizzate.jpg","datePublished":"2021-02-22T09:30:58+00:00","dateModified":"2021-02-26T16:20:55+00:00","breadcrumb":{"@id":"https:\/\/anticopastificio.it\/pasta\/#breadcrumb"},"inLanguage":"fr-FR","potentialAction":[{"@type":"ReadAction","target":["https:\/\/anticopastificio.it\/pasta\/"]}]},{"@type":"ImageObject","inLanguage":"fr-FR","@id":"https:\/\/anticopastificio.it\/pasta\/#primaryimage","url":"http:\/\/anticopastificio.it\/wp-content\/uploads\/2021\/02\/linguine-arimatizzate.jpg","contentUrl":"http:\/\/anticopastificio.it\/wp-content\/uploads\/2021\/02\/linguine-arimatizzate.jpg"},{"@type":"BreadcrumbList","@id":"https:\/\/anticopastificio.it\/pasta\/#breadcrumb","itemListElement":[{"@type":"ListItem","position":1,"name":"Home","item":"https:\/\/anticopastificio.it\/"},{"@type":"ListItem","position":2,"name":"Pasta"}]},{"@type":"WebSite","@id":"https:\/\/anticopastificio.it\/#website","url":"https:\/\/anticopastificio.it\/","name":"Antico Pastificio del Gargano","description":"","publisher":{"@id":"https:\/\/anticopastificio.it\/#organization"},"potentialAction":[{"@type":"SearchAction","target":{"@type":"EntryPoint","urlTemplate":"https:\/\/anticopastificio.it\/?s={search_term_string}"},"query-input":{"@type":"PropertyValueSpecification","valueRequired":true,"valueName":"search_term_string"}}],"inLanguage":"fr-FR"},{"@type":"Organization","@id":"https:\/\/anticopastificio.it\/#organization","name":"Antico Pastificio del Gargano","url":"https:\/\/anticopastificio.it\/","logo":{"@type":"ImageObject","inLanguage":"fr-FR","@id":"https:\/\/anticopastificio.it\/#\/schema\/logo\/image\/","url":"https:\/\/anticopastificio.it\/wp-content\/uploads\/2021\/02\/logo.png","contentUrl":"https:\/\/anticopastificio.it\/wp-content\/uploads\/2021\/02\/logo.png","width":163,"height":163,"caption":"Antico Pastificio del Gargano"},"image":{"@id":"https:\/\/anticopastificio.it\/#\/schema\/logo\/image\/"}}]}},"_hostinger_reach_plugin_has_subscription_block":false,"_hostinger_reach_plugin_is_elementor":false,"_links":{"self":[{"href":"https:\/\/anticopastificio.it\/fr\/wp-json\/wp\/v2\/pages\/6287","targetHints":{"allow":["GET"]}}],"collection":[{"href":"https:\/\/anticopastificio.it\/fr\/wp-json\/wp\/v2\/pages"}],"about":[{"href":"https:\/\/anticopastificio.it\/fr\/wp-json\/wp\/v2\/types\/page"}],"author":[{"embeddable":true,"href":"https:\/\/anticopastificio.it\/fr\/wp-json\/wp\/v2\/users\/1"}],"replies":[{"embeddable":true,"href":"https:\/\/anticopastificio.it\/fr\/wp-json\/wp\/v2\/comments?post=6287"}],"version-history":[{"count":14,"href":"https:\/\/anticopastificio.it\/fr\/wp-json\/wp\/v2\/pages\/6287\/revisions"}],"predecessor-version":[{"id":7506,"href":"https:\/\/anticopastificio.it\/fr\/wp-json\/wp\/v2\/pages\/6287\/revisions\/7506"}],"wp:attachment":[{"href":"https:\/\/anticopastificio.it\/fr\/wp-json\/wp\/v2\/media?parent=6287"}],"curies":[{"name":"wp","href":"https:\/\/api.w.org\/{rel}","templated":true}]}}