{"id":6251,"date":"2021-02-22T08:57:55","date_gmt":"2021-02-22T08:57:55","guid":{"rendered":"http:\/\/anticopastificio.it\/nuovosito\/?page_id=6251"},"modified":"2021-02-26T15:28:03","modified_gmt":"2021-02-26T15:28:03","slug":"home","status":"publish","type":"page","link":"https:\/\/anticopastificio.it\/fr\/","title":{"rendered":"Home"},"content":{"rendered":"\t\t<div data-elementor-type=\"wp-page\" data-elementor-id=\"6251\" class=\"elementor elementor-6251\">\n\t\t\t\t\t\t<div class=\"elementor-section elementor-top-section elementor-element elementor-element-9c9e0d6 elementor-section-full_width elementor-section-height-default elementor-section-height-default\" data-id=\"9c9e0d6\" data-element_type=\"section\">\n\t\t\t\t\t\t<div class=\"elementor-container elementor-column-gap-no\">\n\t\t\t\t\t<div class=\"elementor-column elementor-col-100 elementor-top-column elementor-element elementor-element-3ad6a80\" data-id=\"3ad6a80\" data-element_type=\"column\">\n\t\t\t<div class=\"elementor-widget-wrap elementor-element-populated\">\n\t\t\t\t\t\t<div class=\"elementor-element elementor-element-9023186 elementor-widget elementor-widget-naturally-home-slider\" data-id=\"9023186\" data-element_type=\"widget\" data-widget_type=\"naturally-home-slider.default\">\n\t\t\t\t<div class=\"elementor-widget-container\">\n\t\t\t<div class=\"section section-custom-16\"><div class=\"slider-hero2\"><div class=\"slick-slider\" data-slider-options='{\"height\":true,\"autoplay\":true,\"speed\": 300}'><div class=\"slick-slide\"><div class=\"slider-hero2_item\" data-ntr-background=\"http:\/\/anticopastificio.it\/wp-content\/uploads\/2021\/02\/slide-1.jpg\"><div class=\"container\"><div class=\"slider-hero2_item_heading\"><h1 class=\"slider-hero2_item_title\">Antico Pastificio del Gargano<\/h1><p class=\"slider-hero2_item_summary\">Simplement: qualit\u00e9, tradition, typicit\u00e9, exp\u00e9rience, authenticit\u00e9, savoir-faire artisanal, simplicit\u00e9 avant tout.<br>\nLe client au centre d'attention toujours proche de sa satisfaction avec passion et d\u00e9vouement, tel est le secret qui nous accompagne depuis de nombreuses ann\u00e9es, avec fiert\u00e9 aujourd'hui nous servons la deuxi\u00e8me g\u00e9n\u00e9ration de nos clients qui continuent \u00e0 pr\u00e9f\u00e9rer les produits de l \"Antico Pastificio del Gargano\". <\/p><p><a class=\"link is-color-secondary\" href=\"\/entreprise\/\"><span class=\"link_text\">Lire la suite<\/span><span class=\"link_icon icon is-next\"><\/span><\/a><\/p><\/div><\/div><\/div><\/div><\/div><\/div><\/div>\t\t<\/div>\n\t\t\t\t<\/div>\n\t\t\t\t\t<\/div>\n\t\t<\/div>\n\t\t\t\t\t<\/div>\n\t\t<\/div>\n\t\t\t\t<section class=\"elementor-section elementor-top-section elementor-element elementor-element-80b6332 elementor-section-boxed elementor-section-height-default elementor-section-height-default\" data-id=\"80b6332\" data-element_type=\"section\">\n\t\t\t\t\t\t<div class=\"elementor-container elementor-column-gap-default\">\n\t\t\t\t\t<div class=\"elementor-column elementor-col-16 elementor-top-column elementor-element elementor-element-da63258\" data-id=\"da63258\" data-element_type=\"column\">\n\t\t\t<div class=\"elementor-widget-wrap elementor-element-populated\">\n\t\t\t\t\t\t<div class=\"elementor-element elementor-element-b1af527 elementor-widget elementor-widget-image\" data-id=\"b1af527\" data-element_type=\"widget\" data-widget_type=\"image.default\">\n\t\t\t\t<div class=\"elementor-widget-container\">\n\t\t\t\t\t\t\t\t\t\t\t\t\t<img decoding=\"async\" src=\"https:\/\/anticopastificio.it\/wp-content\/uploads\/elementor\/thumbs\/made-in-italy-rf8k5xwzmgb8hmo1as6manfuzmmqftoe969wdju2a8.png\" title=\"made-in-italy\" alt=\"made-in-italy\" loading=\"lazy\" \/>\t\t\t\t\t\t\t\t\t\t\t\t\t<\/div>\n\t\t\t\t<\/div>\n\t\t\t\t\t<\/div>\n\t\t<\/div>\n\t\t\t\t<div class=\"elementor-column elementor-col-16 elementor-top-column elementor-element elementor-element-065ddab\" data-id=\"065ddab\" data-element_type=\"column\">\n\t\t\t<div class=\"elementor-widget-wrap elementor-element-populated\">\n\t\t\t\t\t\t<div class=\"elementor-element elementor-element-f6951db naturally-transform transform-type-translate elementor-widget elementor-widget-heading\" data-id=\"f6951db\" data-element_type=\"widget\" data-widget_type=\"heading.default\">\n\t\t\t\t<div class=\"elementor-widget-container\">\n\t\t\t<h2 class=\"elementor-heading-title elementor-size-default\">100% Made in Italy<\/h2>\t\t<\/div>\n\t\t\t\t<\/div>\n\t\t\t\t<div class=\"elementor-element elementor-element-207bacf elementor-widget elementor-widget-text-editor\" data-id=\"207bacf\" data-element_type=\"widget\" data-widget_type=\"text-editor.default\">\n\t\t\t\t<div class=\"elementor-widget-container\">\n\t\t\t\t\t\t\t<p>Le meilleur du Made \u00een Italy<\/p>\t\t\t\t\t\t<\/div>\n\t\t\t\t<\/div>\n\t\t\t\t\t<\/div>\n\t\t<\/div>\n\t\t\t\t<div class=\"elementor-column elementor-col-16 elementor-top-column elementor-element elementor-element-dc4f7fc\" data-id=\"dc4f7fc\" data-element_type=\"column\">\n\t\t\t<div class=\"elementor-widget-wrap elementor-element-populated\">\n\t\t\t\t\t\t<div class=\"elementor-element elementor-element-e663e56 elementor-widget elementor-widget-image\" data-id=\"e663e56\" data-element_type=\"widget\" data-widget_type=\"image.default\">\n\t\t\t\t<div class=\"elementor-widget-container\">\n\t\t\t\t\t\t\t\t\t\t\t\t\t<img decoding=\"async\" src=\"https:\/\/anticopastificio.it\/wp-content\/uploads\/elementor\/thumbs\/materie-prima-rf8k5xwzmgb8hmo1as6manfuzmmqftoe969wdju2a8.png\" title=\"materie prima\" alt=\"materie prima\" loading=\"lazy\" \/>\t\t\t\t\t\t\t\t\t\t\t\t\t<\/div>\n\t\t\t\t<\/div>\n\t\t\t\t\t<\/div>\n\t\t<\/div>\n\t\t\t\t<div class=\"elementor-column elementor-col-16 elementor-top-column elementor-element elementor-element-a59b393\" data-id=\"a59b393\" data-element_type=\"column\">\n\t\t\t<div class=\"elementor-widget-wrap elementor-element-populated\">\n\t\t\t\t\t\t<div class=\"elementor-element elementor-element-a3d08ca naturally-transform transform-type-translate elementor-widget elementor-widget-heading\" data-id=\"a3d08ca\" data-element_type=\"widget\" data-widget_type=\"heading.default\">\n\t\t\t\t<div class=\"elementor-widget-container\">\n\t\t\t<h2 class=\"elementor-heading-title elementor-size-default\">Mati\u00e8res premi\u00e8res<\/h2>\t\t<\/div>\n\t\t\t\t<\/div>\n\t\t\t\t<div class=\"elementor-element elementor-element-d9900c0 elementor-widget elementor-widget-text-editor\" data-id=\"d9900c0\" data-element_type=\"widget\" data-widget_type=\"text-editor.default\">\n\t\t\t\t<div class=\"elementor-widget-container\">\n\t\t\t\t\t\t\t<p>Rigoureusement s\u00e9lectionn\u00e9s pour donner l&#8217;\u00e2me artisanale aux produits.<\/p>\t\t\t\t\t\t<\/div>\n\t\t\t\t<\/div>\n\t\t\t\t\t<\/div>\n\t\t<\/div>\n\t\t\t\t<div class=\"elementor-column elementor-col-16 elementor-top-column elementor-element elementor-element-9fb98c7\" data-id=\"9fb98c7\" data-element_type=\"column\">\n\t\t\t<div class=\"elementor-widget-wrap elementor-element-populated\">\n\t\t\t\t\t\t<div class=\"elementor-element elementor-element-e9ee890 elementor-widget elementor-widget-image\" data-id=\"e9ee890\" data-element_type=\"widget\" data-widget_type=\"image.default\">\n\t\t\t\t<div class=\"elementor-widget-container\">\n\t\t\t\t\t\t\t\t\t\t\t\t\t<img decoding=\"async\" src=\"https:\/\/anticopastificio.it\/wp-content\/uploads\/elementor\/thumbs\/prodotti-rf8k5xwzmgb8hmo1as6manfuzmmqftoe969wdju2a8.png\" title=\"prodotti\" alt=\"prodotti\" loading=\"lazy\" \/>\t\t\t\t\t\t\t\t\t\t\t\t\t<\/div>\n\t\t\t\t<\/div>\n\t\t\t\t\t<\/div>\n\t\t<\/div>\n\t\t\t\t<div class=\"elementor-column elementor-col-16 elementor-top-column elementor-element elementor-element-a55878f\" data-id=\"a55878f\" data-element_type=\"column\">\n\t\t\t<div class=\"elementor-widget-wrap elementor-element-populated\">\n\t\t\t\t\t\t<div class=\"elementor-element elementor-element-542c6bf naturally-transform transform-type-translate elementor-widget elementor-widget-heading\" data-id=\"542c6bf\" data-element_type=\"widget\" data-widget_type=\"heading.default\">\n\t\t\t\t<div class=\"elementor-widget-container\">\n\t\t\t<h2 class=\"elementor-heading-title elementor-size-default\">Les meilleurs produits<\/h2>\t\t<\/div>\n\t\t\t\t<\/div>\n\t\t\t\t<div class=\"elementor-element elementor-element-f21cae2 elementor-widget elementor-widget-text-editor\" data-id=\"f21cae2\" data-element_type=\"widget\" data-widget_type=\"text-editor.default\">\n\t\t\t\t<div class=\"elementor-widget-container\">\n\t\t\t\t\t\t\t<p>Parce que le climat doux, l&#8217;air pur du parc national du Gargano influence grandement la qualit\u00e9 des produits.<\/p>\t\t\t\t\t\t<\/div>\n\t\t\t\t<\/div>\n\t\t\t\t\t<\/div>\n\t\t<\/div>\n\t\t\t\t\t<\/div>\n\t\t<\/section>\n\t\t\t\t<div class=\"elementor-section elementor-top-section elementor-element elementor-element-b54736b nt-section section default-indent elementor-section-full_width elementor-section-height-default elementor-section-height-default\" data-id=\"b54736b\" data-element_type=\"section\">\n\t\t\t\t\t\t<div class=\"elementor-container elementor-column-gap-no\">\n\t\t\t\t\t<div class=\"elementor-column elementor-col-100 elementor-top-column elementor-element elementor-element-33dedec\" data-id=\"33dedec\" data-element_type=\"column\">\n\t\t\t<div class=\"elementor-widget-wrap elementor-element-populated\">\n\t\t\t\t\t\t<div class=\"elementor-element elementor-element-dfdd94b elementor-widget elementor-widget-naturally-gallery-banner\" data-id=\"dfdd94b\" data-element_type=\"widget\" data-widget_type=\"naturally-gallery-banner.default\">\n\t\t\t\t<div class=\"elementor-widget-container\">\n\t\t\t<div class=\"container\"><div class=\"grid\"><div class=\"grid_row is-30 is-md-40\" data-ntr-isotope='{\"name\":\"banners_dfdd94b\", \"itemSelector\":\".grid_col\", \"layoutMode\":\"masonry\"}'><div class=\"grid_sizer\"><\/div><div class=\"grid_col is-12 is-sm-6\" data-aos=\"ntr-fade-up\" data-aos-once=\"true\"><a class=\"block hover-up\" href=\"\/fr\/pasta\/\"><img decoding=\"async\" class=\"img-fluid\" src=\"http:\/\/anticopastificio.it\/wp-content\/uploads\/2021\/02\/Box-grande-generico-pasta2.jpg\" alt=\"Box-grande-generico-pasta2.jpg\"><\/a><\/div><div class=\"grid_col is-12 is-sm-6\" data-aos=\"ntr-fade-up\" data-aos-once=\"true\" data-aos-delay=\"200\"><a class=\"block hover-up\" href=\"\/fr\/sughi-pesti-condipasta\/\"><img decoding=\"async\" class=\"img-fluid\" src=\"http:\/\/anticopastificio.it\/wp-content\/uploads\/2021\/02\/sughi-pesti-condipasta-def.jpg\" alt=\"sughi-pesti-condipasta-def.jpg\"><\/a><\/div><div class=\"grid_col is-12 is-sm-6\" data-aos=\"ntr-fade-up\" data-aos-once=\"true\" data-aos-delay=\"400\"><a class=\"block hover-up\" href=\"\/fr\/taralli\/\"><img decoding=\"async\" class=\"img-fluid\" src=\"http:\/\/anticopastificio.it\/wp-content\/uploads\/2021\/02\/taralli.jpg\" alt=\"taralli.jpg\"><\/a><\/div><\/div><\/div><\/div>\t\t<\/div>\n\t\t\t\t<\/div>\n\t\t\t\t\t<\/div>\n\t\t<\/div>\n\t\t\t\t\t<\/div>\n\t\t<\/div>\n\t\t\t\t<section class=\"elementor-section elementor-top-section elementor-element elementor-element-77954e9 elementor-section-full_width elementor-section-content-middle elementor-section-stretched elementor-section-height-default elementor-section-height-default\" data-id=\"77954e9\" data-element_type=\"section\" data-settings=\"{&quot;stretch_section&quot;:&quot;section-stretched&quot;,&quot;background_background&quot;:&quot;classic&quot;}\">\n\t\t\t\t\t\t<div class=\"elementor-container elementor-column-gap-default\">\n\t\t\t\t\t<div class=\"elementor-column elementor-col-100 elementor-top-column elementor-element elementor-element-a88c9ea\" data-id=\"a88c9ea\" data-element_type=\"column\">\n\t\t\t<div class=\"elementor-widget-wrap elementor-element-populated\">\n\t\t\t\t\t\t<section class=\"elementor-section elementor-inner-section elementor-element elementor-element-7a030c3 elementor-section-height-min-height elementor-section-content-middle elementor-section-boxed elementor-section-height-default\" data-id=\"7a030c3\" data-element_type=\"section\">\n\t\t\t\t\t\t<div class=\"elementor-container elementor-column-gap-default\">\n\t\t\t\t\t<div class=\"elementor-column elementor-col-50 elementor-inner-column elementor-element elementor-element-021ff76\" data-id=\"021ff76\" data-element_type=\"column\">\n\t\t\t<div class=\"elementor-widget-wrap elementor-element-populated\">\n\t\t\t\t\t\t<div class=\"elementor-element elementor-element-7381eb7 naturally-transform transform-type-translate elementor-widget elementor-widget-heading\" data-id=\"7381eb7\" data-element_type=\"widget\" data-widget_type=\"heading.default\">\n\t\t\t\t<div class=\"elementor-widget-container\">\n\t\t\t<h2 class=\"elementor-heading-title elementor-size-default\">De producteurs d'exception<\/h2>\t\t<\/div>\n\t\t\t\t<\/div>\n\t\t\t\t<div class=\"elementor-element elementor-element-058472e elementor-widget elementor-widget-text-editor\" data-id=\"058472e\" data-element_type=\"widget\" data-widget_type=\"text-editor.default\">\n\t\t\t\t<div class=\"elementor-widget-container\">\n\t\t\t\t\t\t\t<p class=\"testohome\">De producteurs d&#8217;exception naissent des produits sp\u00e9ciaux, cela est d\u00e9j\u00e0 connu de nombreux consommateurs exigeants du monde entier \u00e0 travers nos clients \u00e0 travers l&#8217;Europe, l&#8217;Australie, Hong Kong, nous sommes honor\u00e9s d&#8217;\u00eatre les ambassadeurs de ce merveilleux territoire des Pouilles.<\/p>\t\t\t\t\t\t<\/div>\n\t\t\t\t<\/div>\n\t\t\t\t<div class=\"elementor-element elementor-element-65c8f9e elementor-widget elementor-widget-naturally-button\" data-id=\"65c8f9e\" data-element_type=\"widget\" data-widget_type=\"naturally-button.default\">\n\t\t\t\t<div class=\"elementor-widget-container\">\n\t\t\t<div class=\"naturally-button has-icon\"><a class=\"button is-white btn-icon-right\" href=\"\/fr\/pasta\/\"><span class=\"button_text\">Lire la suite <i aria-hidden=\"true\" class=\"fas fa-arrow-right\"><\/i><\/span><\/a><\/div>\t\t<\/div>\n\t\t\t\t<\/div>\n\t\t\t\t\t<\/div>\n\t\t<\/div>\n\t\t\t\t<div class=\"elementor-column elementor-col-50 elementor-inner-column elementor-element elementor-element-cc43ec1 elementor-hidden-phone\" data-id=\"cc43ec1\" data-element_type=\"column\">\n\t\t\t<div class=\"elementor-widget-wrap\">\n\t\t\t\t\t\t\t<\/div>\n\t\t<\/div>\n\t\t\t\t\t<\/div>\n\t\t<\/section>\n\t\t\t\t\t<\/div>\n\t\t<\/div>\n\t\t\t\t\t<\/div>\n\t\t<\/section>\n\t\t\t\t<section class=\"elementor-section elementor-top-section elementor-element elementor-element-f0dc29b elementor-section-boxed elementor-section-height-default elementor-section-height-default\" data-id=\"f0dc29b\" data-element_type=\"section\">\n\t\t\t\t\t\t<div class=\"elementor-container elementor-column-gap-default\">\n\t\t\t\t\t<div class=\"elementor-column elementor-col-100 elementor-top-column elementor-element elementor-element-67dffed\" data-id=\"67dffed\" data-element_type=\"column\">\n\t\t\t<div class=\"elementor-widget-wrap elementor-element-populated\">\n\t\t\t\t\t\t<div class=\"elementor-element elementor-element-ac15647 elementor-widget elementor-widget-spacer\" data-id=\"ac15647\" data-element_type=\"widget\" data-widget_type=\"spacer.default\">\n\t\t\t\t<div class=\"elementor-widget-container\">\n\t\t\t\t\t<div class=\"elementor-spacer\">\n\t\t\t<div class=\"elementor-spacer-inner\"><\/div>\n\t\t<\/div>\n\t\t\t\t<\/div>\n\t\t\t\t<\/div>\n\t\t\t\t\t<\/div>\n\t\t<\/div>\n\t\t\t\t\t<\/div>\n\t\t<\/section>\n\t\t\t\t<\/div>\n\t\t","protected":false},"excerpt":{"rendered":"<p>Antico Pastificio del Gargano Simplement: qualit\u00e9, tradition, typicit\u00e9, exp\u00e9rience, authenticit\u00e9, savoir-faire artisanal, simplicit\u00e9 avant tout. Le client au centre d&#8217;attention toujours proche de sa satisfaction avec passion et d\u00e9vouement, tel est le secret qui nous accompagne depuis de nombreuses ann\u00e9es, avec fiert\u00e9 aujourd&#8217;hui nous servons la deuxi\u00e8me g\u00e9n\u00e9ration de nos clients qui continuent \u00e0 pr\u00e9f\u00e9rer&#8230;<\/p>\n","protected":false},"author":1,"featured_media":0,"parent":0,"menu_order":0,"comment_status":"closed","ping_status":"open","template":"naturally-elementor-page.php","meta":{"_acf_changed":false,"footnotes":""},"class_list":{"0":"post-6251","1":"page","2":"type-page","3":"status-publish","4":"hentry","5":"nt-post-class","6":"","7":"masonry-item","8":"col-lg-6","10":"thumb-none","12":"excerpt-none"},"acf":[],"yoast_head":"<!-- This site is optimized with the Yoast SEO plugin v24.1 - https:\/\/yoast.com\/wordpress\/plugins\/seo\/ -->\n<title>Home - Antico Pastificio del Gargano<\/title>\n<meta name=\"robots\" content=\"index, follow, max-snippet:-1, max-image-preview:large, max-video-preview:-1\" \/>\n<link rel=\"canonical\" href=\"https:\/\/anticopastificio.it\/\" \/>\n<meta property=\"og:locale\" content=\"fr_FR\" \/>\n<meta property=\"og:type\" content=\"article\" \/>\n<meta property=\"og:title\" content=\"Home - Antico Pastificio del Gargano\" \/>\n<meta property=\"og:description\" content=\"Antico Pastificio del Gargano Simplement: qualit\u00e9, tradition, typicit\u00e9, exp\u00e9rience, authenticit\u00e9, savoir-faire artisanal, simplicit\u00e9 avant tout. Le client au centre d&#8217;attention toujours proche de sa satisfaction avec passion et d\u00e9vouement, tel est le secret qui nous accompagne depuis de nombreuses ann\u00e9es, avec fiert\u00e9 aujourd&#8217;hui nous servons la deuxi\u00e8me g\u00e9n\u00e9ration de nos clients qui continuent \u00e0 pr\u00e9f\u00e9rer...\" \/>\n<meta property=\"og:url\" content=\"https:\/\/anticopastificio.it\/\" \/>\n<meta property=\"og:site_name\" content=\"Antico Pastificio del Gargano\" \/>\n<meta property=\"article:modified_time\" content=\"2021-02-26T15:28:03+00:00\" \/>\n<meta property=\"og:image\" content=\"http:\/\/anticopastificio.it\/wp-content\/uploads\/2021\/02\/made-in-italy.png\" \/>\n<meta name=\"twitter:card\" content=\"summary_large_image\" \/>\n<meta name=\"twitter:label1\" content=\"Dur\u00e9e de lecture estim\u00e9e\" \/>\n\t<meta name=\"twitter:data1\" content=\"3 minutes\" \/>\n<script type=\"application\/ld+json\" class=\"yoast-schema-graph\">{\"@context\":\"https:\/\/schema.org\",\"@graph\":[{\"@type\":\"WebPage\",\"@id\":\"https:\/\/anticopastificio.it\/\",\"url\":\"https:\/\/anticopastificio.it\/\",\"name\":\"Home - Antico Pastificio del Gargano\",\"isPartOf\":{\"@id\":\"https:\/\/anticopastificio.it\/#website\"},\"primaryImageOfPage\":{\"@id\":\"https:\/\/anticopastificio.it\/#primaryimage\"},\"image\":{\"@id\":\"https:\/\/anticopastificio.it\/#primaryimage\"},\"thumbnailUrl\":\"http:\/\/anticopastificio.it\/wp-content\/uploads\/2021\/02\/made-in-italy.png\",\"datePublished\":\"2021-02-22T08:57:55+00:00\",\"dateModified\":\"2021-02-26T15:28:03+00:00\",\"breadcrumb\":{\"@id\":\"https:\/\/anticopastificio.it\/#breadcrumb\"},\"inLanguage\":\"fr-FR\",\"potentialAction\":[{\"@type\":\"ReadAction\",\"target\":[\"https:\/\/anticopastificio.it\/\"]}]},{\"@type\":\"ImageObject\",\"inLanguage\":\"fr-FR\",\"@id\":\"https:\/\/anticopastificio.it\/#primaryimage\",\"url\":\"http:\/\/anticopastificio.it\/wp-content\/uploads\/2021\/02\/made-in-italy.png\",\"contentUrl\":\"http:\/\/anticopastificio.it\/wp-content\/uploads\/2021\/02\/made-in-italy.png\"},{\"@type\":\"BreadcrumbList\",\"@id\":\"https:\/\/anticopastificio.it\/#breadcrumb\",\"itemListElement\":[{\"@type\":\"ListItem\",\"position\":1,\"name\":\"Home\",\"item\":\"https:\/\/anticopastificio.it\/\"},{\"@type\":\"ListItem\",\"position\":2,\"name\":\"Home\"}]},{\"@type\":\"WebSite\",\"@id\":\"https:\/\/anticopastificio.it\/#website\",\"url\":\"https:\/\/anticopastificio.it\/\",\"name\":\"Antico Pastificio del Gargano\",\"description\":\"\",\"publisher\":{\"@id\":\"https:\/\/anticopastificio.it\/#organization\"},\"potentialAction\":[{\"@type\":\"SearchAction\",\"target\":{\"@type\":\"EntryPoint\",\"urlTemplate\":\"https:\/\/anticopastificio.it\/?s={search_term_string}\"},\"query-input\":{\"@type\":\"PropertyValueSpecification\",\"valueRequired\":true,\"valueName\":\"search_term_string\"}}],\"inLanguage\":\"fr-FR\"},{\"@type\":\"Organization\",\"@id\":\"https:\/\/anticopastificio.it\/#organization\",\"name\":\"Antico Pastificio del Gargano\",\"url\":\"https:\/\/anticopastificio.it\/\",\"logo\":{\"@type\":\"ImageObject\",\"inLanguage\":\"fr-FR\",\"@id\":\"https:\/\/anticopastificio.it\/#\/schema\/logo\/image\/\",\"url\":\"https:\/\/anticopastificio.it\/wp-content\/uploads\/2021\/02\/logo.png\",\"contentUrl\":\"https:\/\/anticopastificio.it\/wp-content\/uploads\/2021\/02\/logo.png\",\"width\":163,\"height\":163,\"caption\":\"Antico Pastificio del Gargano\"},\"image\":{\"@id\":\"https:\/\/anticopastificio.it\/#\/schema\/logo\/image\/\"}}]}<\/script>\n<!-- \/ Yoast SEO plugin. -->","yoast_head_json":{"title":"Home - Antico Pastificio del Gargano","robots":{"index":"index","follow":"follow","max-snippet":"max-snippet:-1","max-image-preview":"max-image-preview:large","max-video-preview":"max-video-preview:-1"},"canonical":"https:\/\/anticopastificio.it\/","og_locale":"fr_FR","og_type":"article","og_title":"Home - Antico Pastificio del Gargano","og_description":"Antico Pastificio del Gargano Simplement: qualit\u00e9, tradition, typicit\u00e9, exp\u00e9rience, authenticit\u00e9, savoir-faire artisanal, simplicit\u00e9 avant tout. Le client au centre d&#8217;attention toujours proche de sa satisfaction avec passion et d\u00e9vouement, tel est le secret qui nous accompagne depuis de nombreuses ann\u00e9es, avec fiert\u00e9 aujourd&#8217;hui nous servons la deuxi\u00e8me g\u00e9n\u00e9ration de nos clients qui continuent \u00e0 pr\u00e9f\u00e9rer...","og_url":"https:\/\/anticopastificio.it\/","og_site_name":"Antico Pastificio del Gargano","article_modified_time":"2021-02-26T15:28:03+00:00","og_image":[{"url":"http:\/\/anticopastificio.it\/wp-content\/uploads\/2021\/02\/made-in-italy.png","type":"","width":"","height":""}],"twitter_card":"summary_large_image","twitter_misc":{"Dur\u00e9e de lecture estim\u00e9e":"3 minutes"},"schema":{"@context":"https:\/\/schema.org","@graph":[{"@type":"WebPage","@id":"https:\/\/anticopastificio.it\/","url":"https:\/\/anticopastificio.it\/","name":"Home - Antico Pastificio del Gargano","isPartOf":{"@id":"https:\/\/anticopastificio.it\/#website"},"primaryImageOfPage":{"@id":"https:\/\/anticopastificio.it\/#primaryimage"},"image":{"@id":"https:\/\/anticopastificio.it\/#primaryimage"},"thumbnailUrl":"http:\/\/anticopastificio.it\/wp-content\/uploads\/2021\/02\/made-in-italy.png","datePublished":"2021-02-22T08:57:55+00:00","dateModified":"2021-02-26T15:28:03+00:00","breadcrumb":{"@id":"https:\/\/anticopastificio.it\/#breadcrumb"},"inLanguage":"fr-FR","potentialAction":[{"@type":"ReadAction","target":["https:\/\/anticopastificio.it\/"]}]},{"@type":"ImageObject","inLanguage":"fr-FR","@id":"https:\/\/anticopastificio.it\/#primaryimage","url":"http:\/\/anticopastificio.it\/wp-content\/uploads\/2021\/02\/made-in-italy.png","contentUrl":"http:\/\/anticopastificio.it\/wp-content\/uploads\/2021\/02\/made-in-italy.png"},{"@type":"BreadcrumbList","@id":"https:\/\/anticopastificio.it\/#breadcrumb","itemListElement":[{"@type":"ListItem","position":1,"name":"Home","item":"https:\/\/anticopastificio.it\/"},{"@type":"ListItem","position":2,"name":"Home"}]},{"@type":"WebSite","@id":"https:\/\/anticopastificio.it\/#website","url":"https:\/\/anticopastificio.it\/","name":"Antico Pastificio del Gargano","description":"","publisher":{"@id":"https:\/\/anticopastificio.it\/#organization"},"potentialAction":[{"@type":"SearchAction","target":{"@type":"EntryPoint","urlTemplate":"https:\/\/anticopastificio.it\/?s={search_term_string}"},"query-input":{"@type":"PropertyValueSpecification","valueRequired":true,"valueName":"search_term_string"}}],"inLanguage":"fr-FR"},{"@type":"Organization","@id":"https:\/\/anticopastificio.it\/#organization","name":"Antico Pastificio del Gargano","url":"https:\/\/anticopastificio.it\/","logo":{"@type":"ImageObject","inLanguage":"fr-FR","@id":"https:\/\/anticopastificio.it\/#\/schema\/logo\/image\/","url":"https:\/\/anticopastificio.it\/wp-content\/uploads\/2021\/02\/logo.png","contentUrl":"https:\/\/anticopastificio.it\/wp-content\/uploads\/2021\/02\/logo.png","width":163,"height":163,"caption":"Antico Pastificio del Gargano"},"image":{"@id":"https:\/\/anticopastificio.it\/#\/schema\/logo\/image\/"}}]}},"_hostinger_reach_plugin_has_subscription_block":false,"_hostinger_reach_plugin_is_elementor":false,"_links":{"self":[{"href":"https:\/\/anticopastificio.it\/fr\/wp-json\/wp\/v2\/pages\/6251","targetHints":{"allow":["GET"]}}],"collection":[{"href":"https:\/\/anticopastificio.it\/fr\/wp-json\/wp\/v2\/pages"}],"about":[{"href":"https:\/\/anticopastificio.it\/fr\/wp-json\/wp\/v2\/types\/page"}],"author":[{"embeddable":true,"href":"https:\/\/anticopastificio.it\/fr\/wp-json\/wp\/v2\/users\/1"}],"replies":[{"embeddable":true,"href":"https:\/\/anticopastificio.it\/fr\/wp-json\/wp\/v2\/comments?post=6251"}],"version-history":[{"count":30,"href":"https:\/\/anticopastificio.it\/fr\/wp-json\/wp\/v2\/pages\/6251\/revisions"}],"predecessor-version":[{"id":7463,"href":"https:\/\/anticopastificio.it\/fr\/wp-json\/wp\/v2\/pages\/6251\/revisions\/7463"}],"wp:attachment":[{"href":"https:\/\/anticopastificio.it\/fr\/wp-json\/wp\/v2\/media?parent=6251"}],"curies":[{"name":"wp","href":"https:\/\/api.w.org\/{rel}","templated":true}]}}