{"id":6283,"date":"2021-02-22T09:29:23","date_gmt":"2021-02-22T09:29:23","guid":{"rendered":"http:\/\/anticopastificio.it\/nuovosito\/unternehmen\/"},"modified":"2021-02-25T15:16:15","modified_gmt":"2021-02-25T15:16:15","slug":"firma","status":"publish","type":"page","link":"https:\/\/anticopastificio.it\/de\/firma\/","title":{"rendered":"Firma"},"content":{"rendered":"\t\t<div data-elementor-type=\"wp-page\" data-elementor-id=\"6283\" class=\"elementor elementor-6283\">\n\t\t\t\t\t\t<section class=\"elementor-section elementor-top-section elementor-element elementor-element-3bdbd35 elementor-section-full_width elementor-section-height-default elementor-section-height-default\" data-id=\"3bdbd35\" data-element_type=\"section\">\n\t\t\t\t\t\t<div class=\"elementor-container elementor-column-gap-no\">\n\t\t\t\t\t<div class=\"elementor-column elementor-col-100 elementor-top-column elementor-element elementor-element-7c4a9f7\" data-id=\"7c4a9f7\" data-element_type=\"column\">\n\t\t\t<div class=\"elementor-widget-wrap elementor-element-populated\">\n\t\t\t\t\t\t<div class=\"elementor-element elementor-element-fb9c3f7 elementor-widget elementor-widget-naturally-page-hero\" data-id=\"fb9c3f7\" data-element_type=\"widget\" data-widget_type=\"naturally-page-hero.default\">\n\t\t\t\t<div class=\"elementor-widget-container\">\n\t\t\t<div class=\"section section-custom-13\"><div class=\"container\"><div class=\"headline\"><h1 class=\"headline_title\">Firma<\/h1><\/div><\/div><\/div>\t\t<\/div>\n\t\t\t\t<\/div>\n\t\t\t\t\t<\/div>\n\t\t<\/div>\n\t\t\t\t\t<\/div>\n\t\t<\/section>\n\t\t\t\t<section class=\"elementor-section elementor-top-section elementor-element elementor-element-ca5ea76 elementor-section-boxed elementor-section-height-default elementor-section-height-default\" data-id=\"ca5ea76\" data-element_type=\"section\">\n\t\t\t\t\t\t<div class=\"elementor-container elementor-column-gap-default\">\n\t\t\t\t\t<div class=\"elementor-column elementor-col-100 elementor-top-column elementor-element elementor-element-2305403\" data-id=\"2305403\" data-element_type=\"column\">\n\t\t\t<div class=\"elementor-widget-wrap elementor-element-populated\">\n\t\t\t\t\t\t<div class=\"elementor-element elementor-element-980c16e elementor-widget elementor-widget-spacer\" data-id=\"980c16e\" data-element_type=\"widget\" data-widget_type=\"spacer.default\">\n\t\t\t\t<div class=\"elementor-widget-container\">\n\t\t\t\t\t<div class=\"elementor-spacer\">\n\t\t\t<div class=\"elementor-spacer-inner\"><\/div>\n\t\t<\/div>\n\t\t\t\t<\/div>\n\t\t\t\t<\/div>\n\t\t\t\t\t<\/div>\n\t\t<\/div>\n\t\t\t\t\t<\/div>\n\t\t<\/section>\n\t\t\t\t<div class=\"elementor-section elementor-top-section elementor-element elementor-element-219b4164 nt-section section elementor-section-boxed elementor-section-height-default elementor-section-height-default\" data-id=\"219b4164\" data-element_type=\"section\">\n\t\t\t\t\t\t<div class=\"elementor-container elementor-column-gap-no\">\n\t\t\t\t\t<div class=\"elementor-column elementor-col-50 elementor-top-column elementor-element elementor-element-d5d5a9c\" data-id=\"d5d5a9c\" data-element_type=\"column\">\n\t\t\t<div class=\"elementor-widget-wrap elementor-element-populated\">\n\t\t\t\t\t\t<div class=\"elementor-element elementor-element-8e1ea6d naturally-transform transform-type-translate elementor-widget elementor-widget-heading\" data-id=\"8e1ea6d\" data-element_type=\"widget\" data-widget_type=\"heading.default\">\n\t\t\t\t<div class=\"elementor-widget-container\">\n\t\t\t<h3 class=\"elementor-heading-title elementor-size-default\"><img decoding=\"async\" src=\"http:\/\/anticopastificio.it\/wp-content\/uploads\/2021\/02\/ita.png\"> La tradizione continua\u2026<\/h3>\t\t<\/div>\n\t\t\t\t<\/div>\n\t\t\t\t<div class=\"elementor-element elementor-element-55d0bd3a naturally-transform transform-type-translate elementor-widget elementor-widget-heading\" data-id=\"55d0bd3a\" data-element_type=\"widget\" data-widget_type=\"heading.default\">\n\t\t\t\t<div class=\"elementor-widget-container\">\n\t\t\t<p class=\"elementor-heading-title elementor-size-default\">Dal 1972 la nostra azienda ha saputo mantenere l\u2019impegno e la promessa di offrire costantemente inalterata l\u2019alta qualit\u00e0 della propria pasta. Gli ingredienti principali della nostra pasta sono semplicemente semola di grano duro e acqua, ma i segreti sono tradizione, passione ed il consenso dei nostri clienti. Infatti privilegiando un mercato di nicchia che \u00e8 il pi\u00f9 attento ed esigente, possiamo essere soddisfatti e orgogliosi di continuare con grande successo ad essere presenti sulle tavole di tutto il mondo.<\/p>\t\t<\/div>\n\t\t\t\t<\/div>\n\t\t\t\t\t<\/div>\n\t\t<\/div>\n\t\t\t\t<div class=\"elementor-column elementor-col-50 elementor-top-column elementor-element elementor-element-4ce5ff7d\" data-id=\"4ce5ff7d\" data-element_type=\"column\">\n\t\t\t<div class=\"elementor-widget-wrap elementor-element-populated\">\n\t\t\t\t\t\t<div class=\"elementor-element elementor-element-3f56eaa7 naturally-transform transform-type-translate elementor-widget elementor-widget-heading\" data-id=\"3f56eaa7\" data-element_type=\"widget\" data-widget_type=\"heading.default\">\n\t\t\t\t<div class=\"elementor-widget-container\">\n\t\t\t<h3 class=\"elementor-heading-title elementor-size-default\"><img decoding=\"async\" src=\"http:\/\/anticopastificio.it\/wp-content\/uploads\/2021\/02\/de.png\"> Die Tradition wirdfortgesetzt\u2026<\/h3>\t\t<\/div>\n\t\t\t\t<\/div>\n\t\t\t\t<div class=\"elementor-element elementor-element-10b47676 naturally-transform transform-type-translate elementor-widget elementor-widget-heading\" data-id=\"10b47676\" data-element_type=\"widget\" data-widget_type=\"heading.default\">\n\t\t\t\t<div class=\"elementor-widget-container\">\n\t\t\t<p class=\"elementor-heading-title elementor-size-default\">Seit 1972 weij\u00ec unsere Firma um die Verpflichtung, das Versprechen einzuhalten, eine unver\u00e0nderte Qualit\u00e0tder Pasta anzubieten. Die Hauptbestandteile unserer Pasta sind einfach\u2026 Hartweizenmehl und Wasser, jedoch das Geheimnis ist die Tradition der Zubereitung sowie die Zustimmung unserer Kunden. Wir decken eine der anspruchvollsten Marktnischen ab und sind Stolz darauf, unsere Produkte mit groflem Erfolg auf alien \u201cTischen \u201c der Welt vorzufinden.<\/p>\t\t<\/div>\n\t\t\t\t<\/div>\n\t\t\t\t\t<\/div>\n\t\t<\/div>\n\t\t\t\t\t<\/div>\n\t\t<\/div>\n\t\t\t\t<div class=\"elementor-section elementor-top-section elementor-element elementor-element-ed09082 nt-section section elementor-section-boxed elementor-section-height-default elementor-section-height-default\" data-id=\"ed09082\" data-element_type=\"section\">\n\t\t\t\t\t\t<div class=\"elementor-container elementor-column-gap-no\">\n\t\t\t\t\t<div class=\"elementor-column elementor-col-50 elementor-top-column elementor-element elementor-element-0dccd25\" data-id=\"0dccd25\" data-element_type=\"column\">\n\t\t\t<div class=\"elementor-widget-wrap elementor-element-populated\">\n\t\t\t\t\t\t<div class=\"elementor-element elementor-element-c197b04 naturally-transform transform-type-translate elementor-widget elementor-widget-heading\" data-id=\"c197b04\" data-element_type=\"widget\" data-widget_type=\"heading.default\">\n\t\t\t\t<div class=\"elementor-widget-container\">\n\t\t\t<h3 class=\"elementor-heading-title elementor-size-default\"><img decoding=\"async\" src=\"http:\/\/anticopastificio.it\/wp-content\/uploads\/2021\/02\/uk.png\"> The tradition continues...<\/h3>\t\t<\/div>\n\t\t\t\t<\/div>\n\t\t\t\t<div class=\"elementor-element elementor-element-eed43a4 naturally-transform transform-type-translate elementor-widget elementor-widget-heading\" data-id=\"eed43a4\" data-element_type=\"widget\" data-widget_type=\"heading.default\">\n\t\t\t\t<div class=\"elementor-widget-container\">\n\t\t\t<p class=\"elementor-heading-title elementor-size-default\">Since 1972 our company has been able to maintain the commitment and promise of constantly offering the high quality of its pasta unchanged. The main ingredients of our pasta are simply durum wheat semolina and water, but the secrets are tradition, passion and the consent of our customers. In fact, by privileging a niche market that is the most attentive and demanding, we can be satisfied and proud to continue with great success to be present on tables all over the world.<\/p>\t\t<\/div>\n\t\t\t\t<\/div>\n\t\t\t\t\t<\/div>\n\t\t<\/div>\n\t\t\t\t<div class=\"elementor-column elementor-col-50 elementor-top-column elementor-element elementor-element-f68599b\" data-id=\"f68599b\" data-element_type=\"column\">\n\t\t\t<div class=\"elementor-widget-wrap elementor-element-populated\">\n\t\t\t\t\t\t<div class=\"elementor-element elementor-element-3a6c5e4 naturally-transform transform-type-translate elementor-widget elementor-widget-heading\" data-id=\"3a6c5e4\" data-element_type=\"widget\" data-widget_type=\"heading.default\">\n\t\t\t\t<div class=\"elementor-widget-container\">\n\t\t\t<h3 class=\"elementor-heading-title elementor-size-default\"><img decoding=\"async\" src=\"http:\/\/anticopastificio.it\/wp-content\/uploads\/2021\/02\/fr.png\"> La tradition continue\u2026<\/h3>\t\t<\/div>\n\t\t\t\t<\/div>\n\t\t\t\t<div class=\"elementor-element elementor-element-9d1e3ca naturally-transform transform-type-translate elementor-widget elementor-widget-heading\" data-id=\"9d1e3ca\" data-element_type=\"widget\" data-widget_type=\"heading.default\">\n\t\t\t\t<div class=\"elementor-widget-container\">\n\t\t\t<p class=\"elementor-heading-title elementor-size-default\">Depuis 1972 notre maison a \u00e9t\u00e9 capable de maintenir l\u2019engagement et la promesse d\u2019offrir constamment inalt\u00e9r\u00e9e l\u2019haute qualit\u00e9 de sa p\u00e0t\u00e9. Les ingr\u00e9dientsprincipaux de notre p\u00e0t\u00e9 sont tout simplement semoule de bl\u00e9 dur et eau, mais les secret sont tradition, passion et le consentement de notre clients.Effectivement en privil\u00e9giant un marche de niche, qui est le plus attenti\/et exigeant, nous pouvons \u00e8tre bien satisfa\u00bb et orgueilleux de continuer a \u00e8tre pr\u00e9sents, avec un tr\u00e9s grand succ\u00e9s, sur les tables du monde entier.<\/p>\t\t<\/div>\n\t\t\t\t<\/div>\n\t\t\t\t\t<\/div>\n\t\t<\/div>\n\t\t\t\t\t<\/div>\n\t\t<\/div>\n\t\t\t\t<section class=\"elementor-section elementor-top-section elementor-element elementor-element-738b9fc elementor-section-full_width elementor-section-height-default elementor-section-height-default\" data-id=\"738b9fc\" data-element_type=\"section\">\n\t\t\t\t\t\t<div class=\"elementor-container elementor-column-gap-no\">\n\t\t\t\t\t<div class=\"elementor-column elementor-col-100 elementor-top-column elementor-element elementor-element-47a655a\" data-id=\"47a655a\" data-element_type=\"column\">\n\t\t\t<div class=\"elementor-widget-wrap elementor-element-populated\">\n\t\t\t\t\t\t<div class=\"elementor-element elementor-element-0612fe6 elementor-widget elementor-widget-naturally-photo-slider\" data-id=\"0612fe6\" data-element_type=\"widget\" data-widget_type=\"naturally-photo-slider.default\">\n\t\t\t\t<div class=\"elementor-widget-container\">\n\t\t\t<div class=\"slider-photos\" data-ntr-lightbox='{\"type\":\"gallery\",\"selector\":\".slider-photos_item\"}'><div class=\"slick-slider\"><div class=\"slick-slide\"><a class=\"slider-photos_item\" href=\"http:\/\/anticopastificio.it\/wp-content\/uploads\/2021\/02\/orecchiette-azienda.jpg\" title=\"orecchiette-azienda.jpg\"><img decoding=\"async\" src=\"http:\/\/anticopastificio.it\/wp-content\/uploads\/2021\/02\/orecchiette-azienda.jpg\" alt=\"orecchiette-azienda.jpg\"><\/a><\/div><div class=\"slick-slide\"><a class=\"slider-photos_item\" href=\"http:\/\/anticopastificio.it\/wp-content\/uploads\/2021\/02\/azienda-box2.jpg\" title=\"azienda-box2.jpg\"><img decoding=\"async\" src=\"http:\/\/anticopastificio.it\/wp-content\/uploads\/2021\/02\/azienda-box2.jpg\" alt=\"azienda-box2.jpg\"><\/a><\/div><div class=\"slick-slide\"><a class=\"slider-photos_item\" href=\"http:\/\/anticopastificio.it\/wp-content\/uploads\/2021\/02\/azienda-box3.jpg\" title=\"azienda-box3.jpg\"><img decoding=\"async\" src=\"http:\/\/anticopastificio.it\/wp-content\/uploads\/2021\/02\/azienda-box3.jpg\" alt=\"azienda-box3.jpg\"><\/a><\/div><\/div><\/div>\t\t<\/div>\n\t\t\t\t<\/div>\n\t\t\t\t\t<\/div>\n\t\t<\/div>\n\t\t\t\t\t<\/div>\n\t\t<\/section>\n\t\t\t\t<section class=\"elementor-section elementor-top-section elementor-element elementor-element-cca1f5b elementor-section-boxed elementor-section-height-default elementor-section-height-default\" data-id=\"cca1f5b\" data-element_type=\"section\">\n\t\t\t\t\t\t<div class=\"elementor-container elementor-column-gap-default\">\n\t\t\t\t\t<div class=\"elementor-column elementor-col-100 elementor-top-column elementor-element elementor-element-89ee904\" data-id=\"89ee904\" data-element_type=\"column\">\n\t\t\t<div class=\"elementor-widget-wrap elementor-element-populated\">\n\t\t\t\t\t\t<div class=\"elementor-element elementor-element-4e3c6e1 elementor-widget elementor-widget-spacer\" data-id=\"4e3c6e1\" data-element_type=\"widget\" data-widget_type=\"spacer.default\">\n\t\t\t\t<div class=\"elementor-widget-container\">\n\t\t\t\t\t<div class=\"elementor-spacer\">\n\t\t\t<div class=\"elementor-spacer-inner\"><\/div>\n\t\t<\/div>\n\t\t\t\t<\/div>\n\t\t\t\t<\/div>\n\t\t\t\t\t<\/div>\n\t\t<\/div>\n\t\t\t\t\t<\/div>\n\t\t<\/section>\n\t\t\t\t<\/div>\n\t\t","protected":false},"excerpt":{"rendered":"<p>Firma La tradizione continua\u2026 Dal 1972 la nostra azienda ha saputo mantenere l\u2019impegno e la promessa di offrire costantemente inalterata l\u2019alta qualit\u00e0 della propria pasta. Gli ingredienti principali della nostra pasta sono semplicemente semola di grano duro e acqua, ma i segreti sono tradizione, passione ed il consenso dei nostri clienti. Infatti privilegiando un mercato&#8230;<\/p>\n","protected":false},"author":1,"featured_media":0,"parent":0,"menu_order":0,"comment_status":"closed","ping_status":"open","template":"naturally-elementor-page.php","meta":{"_acf_changed":false,"footnotes":""},"class_list":{"0":"post-6283","1":"page","2":"type-page","3":"status-publish","4":"hentry","5":"nt-post-class","6":"","7":"masonry-item","8":"col-lg-6","10":"thumb-none","12":"excerpt-none"},"acf":[],"yoast_head":"<!-- This site is optimized with the Yoast SEO plugin v24.1 - https:\/\/yoast.com\/wordpress\/plugins\/seo\/ -->\n<title>Firma - Antico Pastificio del Gargano<\/title>\n<meta name=\"robots\" content=\"index, follow, max-snippet:-1, max-image-preview:large, max-video-preview:-1\" \/>\n<link rel=\"canonical\" href=\"https:\/\/anticopastificio.it\/azienda\/\" \/>\n<meta property=\"og:locale\" content=\"de_DE\" \/>\n<meta property=\"og:type\" content=\"article\" \/>\n<meta property=\"og:title\" content=\"Firma - Antico Pastificio del Gargano\" \/>\n<meta property=\"og:description\" content=\"Firma La tradizione continua\u2026 Dal 1972 la nostra azienda ha saputo mantenere l\u2019impegno e la promessa di offrire costantemente inalterata l\u2019alta qualit\u00e0 della propria pasta. Gli ingredienti principali della nostra pasta sono semplicemente semola di grano duro e acqua, ma i segreti sono tradizione, passione ed il consenso dei nostri clienti. Infatti privilegiando un mercato...\" \/>\n<meta property=\"og:url\" content=\"https:\/\/anticopastificio.it\/azienda\/\" \/>\n<meta property=\"og:site_name\" content=\"Antico Pastificio del Gargano\" \/>\n<meta property=\"article:modified_time\" content=\"2021-02-25T15:16:15+00:00\" \/>\n<meta property=\"og:image\" content=\"http:\/\/anticopastificio.it\/wp-content\/uploads\/2021\/02\/ita.png\" \/>\n<meta name=\"twitter:card\" content=\"summary_large_image\" \/>\n<meta name=\"twitter:label1\" content=\"Gesch\u00e4tzte Lesezeit\" \/>\n\t<meta name=\"twitter:data1\" content=\"2\u00a0Minuten\" \/>\n<script type=\"application\/ld+json\" class=\"yoast-schema-graph\">{\"@context\":\"https:\/\/schema.org\",\"@graph\":[{\"@type\":\"WebPage\",\"@id\":\"https:\/\/anticopastificio.it\/azienda\/\",\"url\":\"https:\/\/anticopastificio.it\/azienda\/\",\"name\":\"Firma - Antico Pastificio del Gargano\",\"isPartOf\":{\"@id\":\"https:\/\/anticopastificio.it\/#website\"},\"primaryImageOfPage\":{\"@id\":\"https:\/\/anticopastificio.it\/azienda\/#primaryimage\"},\"image\":{\"@id\":\"https:\/\/anticopastificio.it\/azienda\/#primaryimage\"},\"thumbnailUrl\":\"http:\/\/anticopastificio.it\/wp-content\/uploads\/2021\/02\/ita.png\",\"datePublished\":\"2021-02-22T09:29:23+00:00\",\"dateModified\":\"2021-02-25T15:16:15+00:00\",\"breadcrumb\":{\"@id\":\"https:\/\/anticopastificio.it\/azienda\/#breadcrumb\"},\"inLanguage\":\"de\",\"potentialAction\":[{\"@type\":\"ReadAction\",\"target\":[\"https:\/\/anticopastificio.it\/azienda\/\"]}]},{\"@type\":\"ImageObject\",\"inLanguage\":\"de\",\"@id\":\"https:\/\/anticopastificio.it\/azienda\/#primaryimage\",\"url\":\"http:\/\/anticopastificio.it\/wp-content\/uploads\/2021\/02\/ita.png\",\"contentUrl\":\"http:\/\/anticopastificio.it\/wp-content\/uploads\/2021\/02\/ita.png\"},{\"@type\":\"BreadcrumbList\",\"@id\":\"https:\/\/anticopastificio.it\/azienda\/#breadcrumb\",\"itemListElement\":[{\"@type\":\"ListItem\",\"position\":1,\"name\":\"Home\",\"item\":\"https:\/\/anticopastificio.it\/\"},{\"@type\":\"ListItem\",\"position\":2,\"name\":\"Firma\"}]},{\"@type\":\"WebSite\",\"@id\":\"https:\/\/anticopastificio.it\/#website\",\"url\":\"https:\/\/anticopastificio.it\/\",\"name\":\"Antico Pastificio del Gargano\",\"description\":\"\",\"publisher\":{\"@id\":\"https:\/\/anticopastificio.it\/#organization\"},\"potentialAction\":[{\"@type\":\"SearchAction\",\"target\":{\"@type\":\"EntryPoint\",\"urlTemplate\":\"https:\/\/anticopastificio.it\/?s={search_term_string}\"},\"query-input\":{\"@type\":\"PropertyValueSpecification\",\"valueRequired\":true,\"valueName\":\"search_term_string\"}}],\"inLanguage\":\"de\"},{\"@type\":\"Organization\",\"@id\":\"https:\/\/anticopastificio.it\/#organization\",\"name\":\"Antico Pastificio del Gargano\",\"url\":\"https:\/\/anticopastificio.it\/\",\"logo\":{\"@type\":\"ImageObject\",\"inLanguage\":\"de\",\"@id\":\"https:\/\/anticopastificio.it\/#\/schema\/logo\/image\/\",\"url\":\"https:\/\/anticopastificio.it\/wp-content\/uploads\/2021\/02\/logo.png\",\"contentUrl\":\"https:\/\/anticopastificio.it\/wp-content\/uploads\/2021\/02\/logo.png\",\"width\":163,\"height\":163,\"caption\":\"Antico Pastificio del Gargano\"},\"image\":{\"@id\":\"https:\/\/anticopastificio.it\/#\/schema\/logo\/image\/\"}}]}<\/script>\n<!-- \/ Yoast SEO plugin. -->","yoast_head_json":{"title":"Firma - Antico Pastificio del Gargano","robots":{"index":"index","follow":"follow","max-snippet":"max-snippet:-1","max-image-preview":"max-image-preview:large","max-video-preview":"max-video-preview:-1"},"canonical":"https:\/\/anticopastificio.it\/azienda\/","og_locale":"de_DE","og_type":"article","og_title":"Firma - Antico Pastificio del Gargano","og_description":"Firma La tradizione continua\u2026 Dal 1972 la nostra azienda ha saputo mantenere l\u2019impegno e la promessa di offrire costantemente inalterata l\u2019alta qualit\u00e0 della propria pasta. Gli ingredienti principali della nostra pasta sono semplicemente semola di grano duro e acqua, ma i segreti sono tradizione, passione ed il consenso dei nostri clienti. Infatti privilegiando un mercato...","og_url":"https:\/\/anticopastificio.it\/azienda\/","og_site_name":"Antico Pastificio del Gargano","article_modified_time":"2021-02-25T15:16:15+00:00","og_image":[{"url":"http:\/\/anticopastificio.it\/wp-content\/uploads\/2021\/02\/ita.png","type":"","width":"","height":""}],"twitter_card":"summary_large_image","twitter_misc":{"Gesch\u00e4tzte Lesezeit":"2\u00a0Minuten"},"schema":{"@context":"https:\/\/schema.org","@graph":[{"@type":"WebPage","@id":"https:\/\/anticopastificio.it\/azienda\/","url":"https:\/\/anticopastificio.it\/azienda\/","name":"Firma - Antico Pastificio del Gargano","isPartOf":{"@id":"https:\/\/anticopastificio.it\/#website"},"primaryImageOfPage":{"@id":"https:\/\/anticopastificio.it\/azienda\/#primaryimage"},"image":{"@id":"https:\/\/anticopastificio.it\/azienda\/#primaryimage"},"thumbnailUrl":"http:\/\/anticopastificio.it\/wp-content\/uploads\/2021\/02\/ita.png","datePublished":"2021-02-22T09:29:23+00:00","dateModified":"2021-02-25T15:16:15+00:00","breadcrumb":{"@id":"https:\/\/anticopastificio.it\/azienda\/#breadcrumb"},"inLanguage":"de","potentialAction":[{"@type":"ReadAction","target":["https:\/\/anticopastificio.it\/azienda\/"]}]},{"@type":"ImageObject","inLanguage":"de","@id":"https:\/\/anticopastificio.it\/azienda\/#primaryimage","url":"http:\/\/anticopastificio.it\/wp-content\/uploads\/2021\/02\/ita.png","contentUrl":"http:\/\/anticopastificio.it\/wp-content\/uploads\/2021\/02\/ita.png"},{"@type":"BreadcrumbList","@id":"https:\/\/anticopastificio.it\/azienda\/#breadcrumb","itemListElement":[{"@type":"ListItem","position":1,"name":"Home","item":"https:\/\/anticopastificio.it\/"},{"@type":"ListItem","position":2,"name":"Firma"}]},{"@type":"WebSite","@id":"https:\/\/anticopastificio.it\/#website","url":"https:\/\/anticopastificio.it\/","name":"Antico Pastificio del Gargano","description":"","publisher":{"@id":"https:\/\/anticopastificio.it\/#organization"},"potentialAction":[{"@type":"SearchAction","target":{"@type":"EntryPoint","urlTemplate":"https:\/\/anticopastificio.it\/?s={search_term_string}"},"query-input":{"@type":"PropertyValueSpecification","valueRequired":true,"valueName":"search_term_string"}}],"inLanguage":"de"},{"@type":"Organization","@id":"https:\/\/anticopastificio.it\/#organization","name":"Antico Pastificio del Gargano","url":"https:\/\/anticopastificio.it\/","logo":{"@type":"ImageObject","inLanguage":"de","@id":"https:\/\/anticopastificio.it\/#\/schema\/logo\/image\/","url":"https:\/\/anticopastificio.it\/wp-content\/uploads\/2021\/02\/logo.png","contentUrl":"https:\/\/anticopastificio.it\/wp-content\/uploads\/2021\/02\/logo.png","width":163,"height":163,"caption":"Antico Pastificio del Gargano"},"image":{"@id":"https:\/\/anticopastificio.it\/#\/schema\/logo\/image\/"}}]}},"_hostinger_reach_plugin_has_subscription_block":false,"_hostinger_reach_plugin_is_elementor":false,"_links":{"self":[{"href":"https:\/\/anticopastificio.it\/de\/wp-json\/wp\/v2\/pages\/6283","targetHints":{"allow":["GET"]}}],"collection":[{"href":"https:\/\/anticopastificio.it\/de\/wp-json\/wp\/v2\/pages"}],"about":[{"href":"https:\/\/anticopastificio.it\/de\/wp-json\/wp\/v2\/types\/page"}],"author":[{"embeddable":true,"href":"https:\/\/anticopastificio.it\/de\/wp-json\/wp\/v2\/users\/1"}],"replies":[{"embeddable":true,"href":"https:\/\/anticopastificio.it\/de\/wp-json\/wp\/v2\/comments?post=6283"}],"version-history":[{"count":8,"href":"https:\/\/anticopastificio.it\/de\/wp-json\/wp\/v2\/pages\/6283\/revisions"}],"predecessor-version":[{"id":6999,"href":"https:\/\/anticopastificio.it\/de\/wp-json\/wp\/v2\/pages\/6283\/revisions\/6999"}],"wp:attachment":[{"href":"https:\/\/anticopastificio.it\/de\/wp-json\/wp\/v2\/media?parent=6283"}],"curies":[{"name":"wp","href":"https:\/\/api.w.org\/{rel}","templated":true}]}}